{"id":10092,"date":"2021-03-23T14:11:13","date_gmt":"2021-03-23T13:11:13","guid":{"rendered":"http:\/\/rt-europaallee.org\/wordpress\/?page_id=10092"},"modified":"2021-03-23T14:11:13","modified_gmt":"2021-03-23T13:11:13","slug":"news-nachrichten-fuer-gefluechtete","status":"publish","type":"page","link":"https:\/\/rt-europaallee.de\/wordpress\/infos\/links\/news-nachrichten-fuer-gefluechtete\/","title":{"rendered":"News\/ Nachrichten f\u00fcr Gefl\u00fcchtete"},"content":{"rendered":"<div class=\"module w33 std\" data-color=\"col2\">\u00a0<img loading=\"lazy\" decoding=\"async\" class=\"responsive\" title=\"Arabische Szene\" src=\"https:\/\/www.ndr.de\/mediathek\/mediathekbild352_v-contentgross.jpg\" alt=\"Arabische Szene \u00a9 Mauritius Images \" width=\"335\" height=\"189\" \/><\/div>\n<div class=\"module w33 std\" data-color=\"col7\">\n<div class=\"modulepadding\">\n<div class=\"teaser\">\n<div class=\"teaserimage\">\n<div class=\"image-container\"><picture><source srcset=\"\/resources\/images\/placeholder.png 8w,\/mediathek\/mediathekbild352_v-thumbnailgross.jpg 128w,\/mediathek\/mediathekbild352_v-contentgross.jpg 568w,\/mediathek\/mediathekbild352_v-vierspaltig.jpg 760w,\/mediathek\/mediathekbild352_v-contentxl.jpg 1067w,\/mediathek\/mediathekbild352_v-fullhd.jpg 1920w,\/mediathek\/mediathekbild352_v-einspaltig.jpg 184w,\/mediathek\/mediathekbild352_v-contentklein.jpg 256w,\/mediathek\/mediathekbild352_v-anderthalbspaltig.jpg 280w,\/mediathek\/mediathekbild352_v-zweispaltig.jpg 376w\" type=\"image\/jpeg\" sizes=\"311.033px\" \/><img decoding=\"async\" class=\"responsive\" title=\"Arabische Szene\" src=\"https:\/\/www.ndr.de\/mediathek\/mediathekbild352_v-contentgross.jpg\" alt=\"Arabische Szene \u00a9 Mauritius Images \" \/> <\/picture><\/div>\n<\/div>\n<div class=\"teaserpadding\">\n<h2><a title=\"Zum Artikel: Nachrichten f\u00fcr Fl\u00fcchtlinge: &quot;Al-Saut Al-Arabi&quot;\" href=\"https:\/\/www.ndr.de\/nachrichten\/info\/infospezial\/Nachrichten-fuer-Fluechtlinge-Al-Saut-Al-Arabi,arabischestimme100.html\"> Nachrichten f\u00fcr Fl\u00fcchtlinge: &#8222;Al-Saut Al-Arabi&#8220; <\/a><\/h2>\n<div class=\"teasertext\">\n<p>NDR Info Spezial bietet die COSMO-Sendung &#8222;Al-Saut Al-Arabi &#8211; Die arabische Stimme&#8220; als Podcast an. Darin gibt es auch Nachrichten f\u00fcr Fl\u00fcchtlinge. Hier geht&#8217;s zur aktuellen Ausgabe.<\/p>\n<hr \/>\n<p><img loading=\"lazy\" decoding=\"async\" class=\"alignleft\" src=\"https:\/\/scontent-ham3-1.xx.fbcdn.net\/v\/t1.0-9\/12592485_830120313764025_6677887399999214391_n.png?_nc_cat=1&amp;ccb=1-3&amp;_nc_sid=09cbfe&amp;_nc_ohc=5n45y21iTrEAX8PRd8i&amp;_nc_ht=scontent-ham3-1.xx&amp;oh=59f9147f6c38e94f5b094ba2913e25cd&amp;oe=607F4E6B\" alt=\"Keine Fotobeschreibung verf\u00fcgbar.\" width=\"142\" height=\"142\" \/><\/p>\n<p>&nbsp;<\/p>\n<p>&#8222;<a href=\"https:\/\/www.facebook.com\/WDRforyou\/?fref=nf\">Mit WDRforyou m\u00f6chten wir Menschen, die als Fl\u00fcchtling nach Deutschland gekommen sind, informieren, unterhalten und ihnen die deutsche Welt n\u00e4her bringen.<\/a>&#8220;<\/p>\n<\/div>\n<\/div>\n<\/div>\n<\/div>\n<\/div>\n","protected":false},"excerpt":{"rendered":"<p>\u00a0 Nachrichten f\u00fcr Fl\u00fcchtlinge: &#8222;Al-Saut Al-Arabi&#8220; NDR Info Spezial bietet die COSMO-Sendung &#8222;Al-Saut Al-Arabi &#8211; Die arabische Stimme&#8220; als Podcast an. Darin gibt es auch Nachrichten f\u00fcr Fl\u00fcchtlinge. Hier geht&#8217;s zur aktuellen Ausgabe. &nbsp; &#8222;Mit WDRforyou m\u00f6chten wir Menschen, die als Fl\u00fcchtling nach Deutschland gekommen sind, informieren, unterhalten und ihnen die deutsche Welt n\u00e4her bringen.&#8220;<\/p>\n","protected":false},"author":3,"featured_media":0,"parent":389,"menu_order":1,"comment_status":"closed","ping_status":"closed","template":"","meta":{"_mc_calendar":[],"footnotes":""},"class_list":["post-10092","page","type-page","status-publish"],"_links":{"self":[{"href":"https:\/\/rt-europaallee.de\/wordpress\/wp-json\/wp\/v2\/pages\/10092","targetHints":{"allow":["GET"]}}],"collection":[{"href":"https:\/\/rt-europaallee.de\/wordpress\/wp-json\/wp\/v2\/pages"}],"about":[{"href":"https:\/\/rt-europaallee.de\/wordpress\/wp-json\/wp\/v2\/types\/page"}],"author":[{"embeddable":true,"href":"https:\/\/rt-europaallee.de\/wordpress\/wp-json\/wp\/v2\/users\/3"}],"replies":[{"embeddable":true,"href":"https:\/\/rt-europaallee.de\/wordpress\/wp-json\/wp\/v2\/comments?post=10092"}],"version-history":[{"count":1,"href":"https:\/\/rt-europaallee.de\/wordpress\/wp-json\/wp\/v2\/pages\/10092\/revisions"}],"predecessor-version":[{"id":10094,"href":"https:\/\/rt-europaallee.de\/wordpress\/wp-json\/wp\/v2\/pages\/10092\/revisions\/10094"}],"up":[{"embeddable":true,"href":"https:\/\/rt-europaallee.de\/wordpress\/wp-json\/wp\/v2\/pages\/389"}],"wp:attachment":[{"href":"https:\/\/rt-europaallee.de\/wordpress\/wp-json\/wp\/v2\/media?parent=10092"}],"curies":[{"name":"wp","href":"https:\/\/api.w.org\/{rel}","templated":true}]}}