{"id":12001,"date":"2022-03-07T12:11:36","date_gmt":"2022-03-07T11:11:36","guid":{"rendered":"http:\/\/rt-europaallee.org\/wordpress\/?page_id=12001"},"modified":"2022-03-24T13:15:11","modified_gmt":"2022-03-24T12:15:11","slug":"wohnungsangebote","status":"publish","type":"page","link":"https:\/\/rt-europaallee.de\/wordpress\/ukraine\/wohnungsangebote\/","title":{"rendered":"Wohnungsvermittlung\/-angebote"},"content":{"rendered":"<div>\n<div class=\"\" dir=\"auto\">\n<div id=\"jsc_c_2l\" class=\"ecm0bbzt hv4rvrfc dati1w0a e5nlhep0\" data-ad-comet-preview=\"message\" data-ad-preview=\"message\">\n<div class=\"j83agx80 cbu4d94t ew0dbk1b irj2b8pg\">\n<div class=\"qzhwtbm6 knvmm38d\">\n<div class=\"kvgmc6g5 cxmmr5t8 oygrvhab hcukyx3x c1et5uql ii04i59q\">\n<div dir=\"auto\">\n<div class=\"kvgmc6g5 cxmmr5t8 oygrvhab hcukyx3x c1et5uql ii04i59q\">\n<h4 dir=\"auto\"><\/h4>\n<hr \/>\n<h4 dir=\"auto\"><\/h4>\n<h4 dir=\"auto\">HNA:\u00a0<a href=\"https:\/\/www.hna.de\/lokales\/goettingen\/goettingen-ort28741\/kirchen-bieten-wohnraum-fuer-gefluechtete-91431795.html?fbclid=IwAR2-beKLrDAV0LtnjmyhSiqE5FZsrfa_YaVRSptKqjQeCQP5ZIw-XXjeF5g\">https:\/\/www.hna.de\/lokales\/goettingen\/goettingen-ort28741\/kirchen-bieten-wohnraum-fuer-gefluechtete-91431795.html?<\/a><\/h4>\n<blockquote>\n<h4 dir=\"auto\">\u00a0Pfarreien in Stadt und Landkreis G\u00f6ttingen: Kirchen bieten Wohnraum f\u00fcr Gefl\u00fcchtete<\/h4>\n<p class=\"id-StoryElement-timestamp\"><span class=\"id-StoryElement-timestamp-published\"><span class=\"id-StoryElement-timestamp-prefix\">Erstellt: <\/span><time datetime=\"2022-03-24 08:27\">24.03.2022<\/time><\/span><span class=\"id-StoryElement-timestamp-modified\"><span class=\"id-StoryElement-timestamp-prefix\">Aktualisiert: <\/span><time datetime=\"2022-03-24 08:35\">24.03.2022, 08:35 Uhr<\/time><\/span><\/p>\n<p class=\"id-StoryElement-authors\"><span class=\"id-StoryElement-authors-by\">Von: <\/span><span class=\"id-StoryElement-authors-name\">Thomas Kopietz<\/span><\/p>\n<p class=\"id-StoryElement-leadText\">Das Bistum Hildesheim und die Pfarreien der Dekanate Untereichsfeld und G\u00f6ttingen stellen an neun Kirchorten Immobilien als Wohnraum f\u00fcr Gefl\u00fcchtete aus der Ukraine bereit.<\/p>\n<p class=\"id-StoryElement-paragraph\">Duderstadt\/G\u00f6ttingen \u2013 In Absprache mit dem Landkreis und der Stadt G\u00f6ttingen werden zwei der Geb\u00e4ude bereits als Unterkunft genutzt (wir berichteten). \u00dcber die weiteren R\u00e4ume laufen Gespr\u00e4che mit den Beh\u00f6rden.<\/p>\n<h4 class=\"id-StoryElement-beepWrap\">\u00a0&#8230;<\/h4>\n<div class=\"id-StoryElement-beepWrap\">Wer die Teams an den Kirchorten mit ehrenamtlicher Mitarbeit oder Sachspenden unterst\u00fctzen m\u00f6chte, kann sich daf\u00fcr an die Caritas S\u00fcdniedersachsen wenden. Ansprechpartnerin ist Lioba Stadermann, Tel. 0 55 27\/99 68 61 0; E-Mail: stadermann@caritas-suedniedersachsen.de<\/div>\n<h4 class=\"id-StoryElement-beepWrap\">&#8230;<\/h4>\n<\/blockquote>\n<hr \/>\n<h4 dir=\"auto\">21.03.2022:\u00a0<a href=\"https:\/\/www.landkreisgoettingen.de\/aktuelles\/pressemeldungen\/notunterkuenfte-fuer-ukraine-fluechtlinge\">https:\/\/www.landkreisgoettingen.de\/aktuelles\/pressemeldungen\/notunterkuenfte-fuer-ukraine-fluechtlinge<\/a><\/h4>\n<blockquote>\n<h4 dir=\"auto\"><span id=\"page3R_mcid0\" class=\"markedContent\"><\/span><span id=\"page3R_mcid2\" class=\"markedContent\"><span dir=\"ltr\">G\u00f6ttingen, 21.03.2022<\/span><\/span><\/h4>\n<h4 dir=\"auto\"><span id=\"page3R_mcid10\" class=\"markedContent\"><span dir=\"ltr\">Pressemitteilung Landkreis G\u00f6ttingen<\/span><\/span><\/h4>\n<div class=\"lead\">\n<p>Landkreis richtet Turnhallen in Germershausen und Wollershausen her<\/p>\n<\/div>\n<div class=\"news-text-wrap\">\n<p>F\u00fcr die Fl\u00fcchtlinge aus der Ukraine, die dem Landkreis G\u00f6ttingen zugewiesen werden, hat der Landkreis weitere Notunterk\u00fcnfte geschaffen. Hier werden die Menschen \u00fcbergangsweise untergebracht, bis Ihnen eine Wohnung zugewiesen werden kann. Die Notunterkunft in Germershausen bietet bislang 81 Menschen Platz. Die angrenzende Turnhalle erweitert nun die Aufnahmekapazit\u00e4ten um weitere 30 Personen.<\/p>\n<\/div>\n<h4 dir=\"auto\">Die vollst\u00e4ndige\u00a0Pressemitteilung:<\/h4>\n<p dir=\"auto\"><a href=\"https:\/\/www.landkreisgoettingen.de\/fileadmin\/eigene_Dateien\/Aktuelles\/Pressemitteilungen\/2022_03_21_PM_Notunterkuenfte.pdf\">https:\/\/www.landkreisgoettingen.de\/fileadmin\/eigene_Dateien\/Aktuelles\/Pressemitteilungen\/2022_03_21_PM_Notunterkuenfte.pdf<\/a><\/p>\n<\/blockquote>\n<hr \/>\n<h4 dir=\"auto\">15.03.2022, siehe\u00a0\u00a0<a href=\"https:\/\/www.goettingen.de\/aktuelles\/ukraine-krieg-drk-wird-die-unterkunft-siekhoehe-betreiben-2022-03-15.html\">https:\/\/www.goettingen.de\/aktuelles\/ukraine-krieg-drk-wird-die-unterkunft-siekhoehe-betreiben-2022-03-15.html<\/a><\/h4>\n<h3 dir=\"auto\">Die Stadt G\u00f6ttingen bittet darum, von privaten Transporten Gefl\u00fcchteter abzusehen:<\/h3>\n<\/div>\n<div class=\"cxmmr5t8 oygrvhab hcukyx3x c1et5uql o9v6fnle ii04i59q\">\n<blockquote>\n<h4 dir=\"auto\">&#8230;<\/h4>\n<div dir=\"auto\">Bislang (Stand: Dienstagnachmittag, 15. M\u00e4rz 2022) haben sich 363 Menschen aus der Ukraine bei der Stadt gemeldet, davon sind 234 unter 18 Jahre alt. Da Gefl\u00fcchtete auch durch privat organisierte Transporte in G\u00f6ttingen ankommen und nicht verpflichtet sind, sich sofort zu melden, l\u00e4sst sich die tats\u00e4chliche Zahl der hier angekommenen und ankommenden Menschen nicht ermitteln. \u00dcber die Landesaufnahmebeh\u00f6rde Niedersachsen (LabNi) werden der Stadt t\u00e4glich Ukrainier*innen zugewiesen. Um die Verteilung der Menschen durch die LabNi auf die St\u00e4dte und Landkreise in Niedersachsen zu erleichtern und den Kommunen damit den notwendigen zeitlichen Vorlauf f\u00fcr die Aufnahme und Unterbringung zu gew\u00e4hren, sollten privat organisierte Transporte m\u00f6glichst nicht mehr durchgef\u00fchrt werden.<\/div>\n<h4 dir=\"auto\">&#8230;<\/h4>\n<\/blockquote>\n<\/div>\n<\/div>\n<hr \/>\n<div dir=\"auto\">\n<p><a href=\"https:\/\/taz.de\/Anrufer-fragen-nach-Ukrainerinnen\/!5838534\/\">https:\/\/taz.de\/Anrufer-fragen-nach-Ukrainerinnen\/!5838534\/<\/a><\/p>\n<blockquote>\n<h3><span class=\"kicker\">Anrufer fragen nach Ukrainerinnen<\/span><span class=\"hide\">: <\/span>\u201eDie Gefahr eines Missbrauchs\u201c<\/h3>\n<p class=\"intro \">Private Initiativen bieten Schlafpl\u00e4tze f\u00fcr ukrainische Gefl\u00fcchtete. Kai Weber vom Fl\u00fcchtlingsrat Niedersachsen h\u00e4lt wenig davon.<\/p>\n<p class=\"article first odd\"><strong>taz: Herr Weber, was halten Sie von privaten Initiativen, die <a href=\"https:\/\/taz.de\/Fluechtlinge-aus-der-Ukraine\/!5835661\/\" target=\"_blank\" rel=\"noopener noreferrer\">Schlafpl\u00e4tze f\u00fcr Ukrai\u00adne\u00adr:in\u00adnen<\/a> vermitteln?<\/strong><\/p>\n<p class=\"article even\"><strong>Kai Weber:<\/strong> Wir sehen das kritisch, denn es besteht die Gefahr eines Missbrauchs. Wir haben Anrufe bekommen von M\u00e4nnern, die eine \u201eblonde Ukrainerin\u201c aufnehmen wollten. Das wissen wir auch aus Erfahrung: Unter den vielen gut gemeinten Hilfsangeboten gibt es immer auch sehr zweifelhafte Motive. Deshalb braucht es ein System des Gewaltschutzes, das \u00fcberpr\u00fcft, unter welchen Bedingungen die Menschen privat untergebracht werden und welche Abh\u00e4ngigkeitsverh\u00e4ltnisse es gibt.<\/p>\n<h4 class=\"article even\">&#8230;<\/h4>\n<\/blockquote>\n<\/div>\n<\/div>\n<\/div>\n<\/div>\n<\/div>\n<\/div>\n<\/div>\n<hr \/>\n<h3 class=\"gmql0nx0 l94mrbxd p1ri9a11 lzcic4wl d2edcug0 hpfvmrgz\" dir=\"auto\" tabindex=\"-1\"><a href=\"https:\/\/www.proasyl.de\/news\/gefluechtete-aus-der-ukraine-privat-aufnehmen-tipps-und-hinweise\/?utm_source=ActiveCampaign&amp;utm_medium=email&amp;utm_content=Ukrainefl%C3%BCchtlinge%3A+Jetzt+unterst%C3%BCtzen%21&amp;utm_campaign=Ukraine+Newsletter+2\">https:\/\/www.proasyl.de\/news\/gefluechtete-aus-der-ukraine-privat-aufnehmen-tipps-und-hinweise\/?<\/a><\/h3>\n<h4>PRO ASYL:<\/h4>\n<h3>Gefl\u00fcchtete aus der Ukraine privat aufnehmen: Tipps und Hinweise<\/h3>\n<h3 class=\"gmql0nx0 l94mrbxd p1ri9a11 lzcic4wl d2edcug0 hpfvmrgz\" dir=\"auto\" tabindex=\"-1\"><\/h3>\n<hr \/>\n<h3 class=\"gmql0nx0 l94mrbxd p1ri9a11 lzcic4wl d2edcug0 hpfvmrgz\" dir=\"auto\" tabindex=\"-1\"><a href=\"https:\/\/www.br.de\/nachrichten\/deutschland-welt\/ukraine-fluechtlinge-privat-bei-sich-zuhause-aufnehmen-das-ist-zu-beachten,SzO6dls\">https:\/\/www.br.de\/nachrichten\/deutschland-welt\/ukraine-fluechtlinge-privat-bei-sich-zuhause-aufnehmen-das-ist-zu-beachten,SzO6dls<\/a><\/h3>\n<blockquote><p><time class=\"aipd-gtm css-1ewcrwo-styles--PublicationDate e1c7pekt0\" title=\"07.03.2022, 14:31 Uhr\" datetime=\"2022-03-07T14:31:57.822+01:00\" data-first-publication-date=\"07.03.2022, 11:55 Uhr\">07.03.2022, 14:31 Uhr<\/time><\/p>\n<h3 class=\"css-tksozd-styles--Title ehu6wvh0\">Ukraine-Fl\u00fcchtlinge privat aufnehmen: Das ist zu beachten<\/h3>\n<p class=\"efblpf4 css-uf2lpb-styles--Text-styles--TeaserText-padding--verticalPaddingTopHalf e1nkajbp0\">Die Hilfsbereitschaft gegen\u00fcber Fl\u00fcchtlingen aus der Ukraine ist gro\u00df, auch in Bayern. Viele Menschen bieten Zimmer oder private Wohnungen an. Dabei gibt es einiges zu beachten. Die wichtigsten Fragen und Antworten.<\/p>\n<\/blockquote>\n<div>\n<div class=\"\" dir=\"auto\">\n<div id=\"jsc_c_2l\" class=\"ecm0bbzt hv4rvrfc dati1w0a e5nlhep0\" data-ad-comet-preview=\"message\" data-ad-preview=\"message\">\n<div class=\"j83agx80 cbu4d94t ew0dbk1b irj2b8pg\">\n<div class=\"qzhwtbm6 knvmm38d\">\n<div class=\"kvgmc6g5 cxmmr5t8 oygrvhab hcukyx3x c1et5uql ii04i59q\">\n<div dir=\"auto\">\n<hr \/>\n<hr \/>\n<p><a href=\"https:\/\/www.antenne.com\/\">https:\/\/www.antenne.com\/<\/a>\u00a0 \u21d2\u00a0<a href=\"https:\/\/www.antenne.com\/aktionen\/aktionen_und_events\/Unterk%C3%BCnfte-f%C3%BCr-ukrainische-Familien-id652958.html#_Infos-und-FAQs\">https:\/\/www.antenne.com\/aktionen\/aktionen_und_events\/Unterk%C3%BCnfte-f%C3%BCr-ukrainische-Familien-id652958.html#_Infos-und-FAQs<\/a><\/p>\n<blockquote>\n<h4 class=\"gmql0nx0 l94mrbxd p1ri9a11 lzcic4wl d2edcug0 hpfvmrgz\" dir=\"auto\" tabindex=\"-1\">\u00a0Antenne Niedersachsen &#8211; Gemeinsam helfen<\/h4>\n<h3>Unterk\u00fcnfte f\u00fcr ukrainische Familien<\/h3>\n<p class=\"intro\">Viele Menschen aus der Ukraine fliehen gerade aus ihrer Heimat. Gemeinsam mit euch und der Landesaufnahmebeh\u00f6rde Niedersachsen sorgen wir daf\u00fcr, dass sie ein Dach \u00fcber dem Kopf haben. Wenn ihr Menschen aus der Ukraine aufnehmen m\u00f6chtet, k\u00f6nnt ihr euch hier registrieren.<\/p>\n<p class=\"intro\"><a href=\"https:\/\/www.antenne.com\/aktionen\/aktionen_und_events\/Unterk%C3%BCnfte-f%C3%BCr-ukrainische-Familien-id652958.html#_Infos-und-FAQs\">https:\/\/www.antenne.com\/aktionen\/aktionen_und_events\/Unterk%C3%BCnfte-f%C3%BCr-ukrainische-Familien-id652958.html#_Infos-und-FAQs<\/a><\/p>\n<\/blockquote>\n<hr \/>\n<h3 class=\"gmql0nx0 l94mrbxd p1ri9a11 lzcic4wl d2edcug0 hpfvmrgz\" dir=\"auto\" tabindex=\"-1\">dpa- Meldung\u00a010.03.2022<\/h3>\n<p class=\"gmql0nx0 l94mrbxd p1ri9a11 lzcic4wl d2edcug0 hpfvmrgz\" dir=\"auto\" tabindex=\"-1\">(<a href=\"https:\/\/www.dpa-shop.com\/shop\/eskalation-in-der-ukraine\/\">https:\/\/www.dpa-shop.com\/shop\/eskalation-in-der-ukraine\/<\/a>)<\/p>\n<blockquote><p><em>Bei der <strong>Unterbringung der Fl\u00fcchtlinge <\/strong>arbeitet die <strong>Bundesregierung <\/strong>auch mit der gemeinn\u00fctzigen Organisation des US-amerikanischen Unterkunfts-Vermittlers <strong>Airbnb<\/strong> zusammen. Das teilt das Bundesinnenministerium in Berlin mit. Die<strong> Kooperation f\u00fcr die private Aufnahme von Gefl\u00fcchteten <\/strong>sei mit Airbnb.org sowie #Unterkunft-Ukraine, einer Allianz mehrerer Organisationen und Sozialunternehmen, vereinbart worden.<\/em><\/p>\n<p>&#8230;\u00a0<em>Menschen, die Gefl\u00fcchteten eine Unterbringung anbieten m\u00f6chten, k\u00f6nnen sich \u00fcber\u00a0<a href=\"http:\/\/www.unterkunft-ukraine.de\">www.unterkunft-ukraine.de\u00a0<\/a>oder\u00a0<a href=\"http:\/\/airbnb.org\">airbnb.org<\/a>\u00a0anmelden.<\/em><\/p><\/blockquote>\n<hr \/>\n<h3 class=\"gmql0nx0 l94mrbxd p1ri9a11 lzcic4wl d2edcug0 hpfvmrgz\" dir=\"auto\" tabindex=\"-1\"><span class=\"d2edcug0 hpfvmrgz qv66sw1b c1et5uql lr9zc1uh a8c37x1j fe6kdd0r mau55g9w c8b282yb keod5gw0 nxhoafnm aigsh9s9 embtmqzv hrzyx87i m6dqt4wy h7mekvxk hnhda86s oo9gr5id hzawbc8m\" dir=\"auto\"><a class=\"oajrlxb2 g5ia77u1 qu0x051f esr5mh6w e9989ue4 r7d6kgcz rq0escxv nhd2j8a9 nc684nl6 p7hjln8o kvgmc6g5 cxmmr5t8 oygrvhab hcukyx3x jb3vyjys rz4wbd8a qt6c0cv9 a8nywdso i1ao9s8h esuyzwwr f1sip0of lzcic4wl gmql0nx0 gpro0wi8 hnhda86s\" tabindex=\"0\" href=\"https:\/\/www.facebook.com\/groups\/288084393475832\/\">Wohnraum f\u00fcr die fl\u00fcchtenden Ukrainer*innen\/ \u0436\u0438\u0442\u043b\u043e \u0434\u043b\u044f \u0431i\u0436\u0435\u043d\u0446i\u0432 \u0437 \u0423\u043a\u0440\u0430\u00ef\u043d\u0438<\/a><\/span><\/h3>\n<\/div>\n<div dir=\"auto\"><a href=\"https:\/\/www.facebook.com\/groups\/288084393475832\/\">https:\/\/www.facebook.com\/groups\/288084393475832\/<\/a><\/div>\n<blockquote>\n<div dir=\"auto\"><span class=\"d2edcug0 hpfvmrgz qv66sw1b c1et5uql lr9zc1uh a8c37x1j fe6kdd0r mau55g9w c8b282yb keod5gw0 nxhoafnm aigsh9s9 d3f4x2em iv3no6db jq4qci2q a3bd9o3v b1v8xokw m9osqain hzawbc8m\" dir=\"auto\"><span class=\"d2edcug0 hpfvmrgz qv66sw1b c1et5uql lr9zc1uh jq4qci2q a3bd9o3v b1v8xokw oo9gr5id\">Diese Gruppe ist f\u00fcr diejenigen, die Gefl\u00fcchteten aus der Ukraine Wohnraum zur Verf\u00fcgung stellen m\u00f6chten\u201c\/ Group for those who wish to offer accommodation to Ukrainians in crisis.<\/span><\/span><\/div>\n<\/blockquote>\n<div dir=\"auto\">\n<hr \/>\n<p>Der <a href=\"https:\/\/www.nds-fluerat.org\">Fl\u00fcchtlingsrat Niedersachsen<\/a> verweist auf die Vermittlung durch den Verein \u201eLeaveNoOneBehind\u201c. \u00dcber diese Portale k\u00f6nnen sich Interessierte f\u00fcr die<strong> Bereitstellung von Unterk\u00fcnften oder Schlafpl\u00e4tzen<\/strong> registrieren lassen. Man kann sich auch in Fahrerlisten eintragen.<\/p>\n<\/div>\n<\/div>\n<div class=\"cxmmr5t8 oygrvhab hcukyx3x c1et5uql o9v6fnle ii04i59q\">\n<h4 dir=\"auto\"><a class=\"oajrlxb2 g5ia77u1 qu0x051f esr5mh6w e9989ue4 r7d6kgcz rq0escxv nhd2j8a9 nc684nl6 p7hjln8o kvgmc6g5 cxmmr5t8 oygrvhab hcukyx3x jb3vyjys rz4wbd8a qt6c0cv9 a8nywdso i1ao9s8h esuyzwwr f1sip0of lzcic4wl gpro0wi8 py34i1dx\" tabindex=\"0\" href=\"https:\/\/ukraine.lnob.net\/?fbclid=IwAR0NrVc1Nf2tGTIwqxmdlyMkJUAVZI71oBz5nD4aweNprSzHDZKPnTlPdkE\" target=\"_blank\" rel=\"nofollow noopener noreferrer\">https:\/\/ukraine.lnob.net\/<\/a><\/h4>\n<\/div>\n<\/div>\n<\/div>\n<\/div>\n<\/div>\n<\/div>\n<div class=\"qzhwtbm6 knvmm38d\">\n<hr \/>\n<\/div>\n<h4><a class=\"moz-txt-link-freetext\" href=\"https:\/\/unterkunft-ukraine.de\/\">https:\/\/unterkunft-ukraine.de\/<\/a> \u2192\u00a0<span class=\"d2edcug0 hpfvmrgz qv66sw1b c1et5uql lr9zc1uh a8c37x1j fe6kdd0r mau55g9w c8b282yb keod5gw0 nxhoafnm aigsh9s9 d3f4x2em iv3no6db jq4qci2q a3bd9o3v b1v8xokw oo9gr5id hzawbc8m\" dir=\"auto\"><a class=\"moz-txt-link-freetext\" href=\"https:\/\/www.unterkunft-ukraine.de\/offer\">https:\/\/www.unterkunft-ukraine.de\/offer<\/a><\/span><\/h4>\n<h3>Mehrsprachige Seite, Unterkunft finden und anbieten<\/h3>\n<hr \/>\n<h4><a href=\"https:\/\/www.fluechtlingshilfe-goettingen.de\/spenden\/wohnraumangebot\/\">Wohnraumangebot \u203a Fl\u00fcchtlingshilfe G\u00f6ttingen (fluechtlingshilfe-goettingen.de)<\/a>:<\/h4>\n<h3>Online- Formular G\u00f6ttingen<\/h3>\n<h3>und an\u00a0\u00a0<a href=\"mailto:wohnraum-ukraine@goettingen.de\">wohnraum-ukraine@goettingen.de<\/a><\/h3>\n<hr \/>\n<div class=\"qzhwtbm6 knvmm38d\">\n<h3 class=\"gmql0nx0 l94mrbxd p1ri9a11 lzcic4wl aahdfvyu hzawbc8m\"><a href=\"https:\/\/www.facebook.com\/heartforukraine\/posts\/4912595148786053?__cft__[0]=AZUVaoZIzAV6_fEEolfQJyABYSr92u4mml3TskhBcXlUQeSDi6SsBpZoFsmqAwSsuZqvBWj-ynxsdp4ESJZ61j7U7lGr_xvzdV8W-flUI1rfnr1cLqS5THOXlcT8cQIZ0KyKWsfPy-bDl_H6PpbzPbjLoXlUjdZ95ozkA9Nk9wCgBw&amp;__tn__=%2CO%2CP-y-R\">https:\/\/www.facebook.com\/heartforukraine\/posts\/4912595148786053?<\/a><\/h3>\n<h3 class=\"gmql0nx0 l94mrbxd p1ri9a11 lzcic4wl aahdfvyu hzawbc8m\"><span class=\"nc684nl6\"><a class=\"oajrlxb2 g5ia77u1 qu0x051f esr5mh6w e9989ue4 r7d6kgcz rq0escxv nhd2j8a9 nc684nl6 p7hjln8o kvgmc6g5 cxmmr5t8 oygrvhab hcukyx3x jb3vyjys rz4wbd8a qt6c0cv9 a8nywdso i1ao9s8h esuyzwwr f1sip0of lzcic4wl gpro0wi8 oo9gr5id lrazzd5p\" tabindex=\"0\" href=\"https:\/\/www.facebook.com\/heartforukraine\/?__cft__[0]=AZUVaoZIzAV6_fEEolfQJyABYSr92u4mml3TskhBcXlUQeSDi6SsBpZoFsmqAwSsuZqvBWj-ynxsdp4ESJZ61j7U7lGr_xvzdV8W-flUI1rfnr1cLqS5THOXlcT8cQIZ0KyKWsfPy-bDl_H6PpbzPbjLoXlUjdZ95ozkA9Nk9wCgBw&amp;__tn__=-UC%2CP-y-R\"><strong>Heart for Ukraine<\/strong><\/a><\/span><\/h3>\n<\/div>\n<div class=\"\" dir=\"auto\">\n<div class=\"ecm0bbzt hv4rvrfc ihqw7lf3 dati1w0a\" data-ad-comet-preview=\"message\" data-ad-preview=\"message\">\n<div class=\"j83agx80 cbu4d94t ew0dbk1b irj2b8pg\">\n<div class=\"qzhwtbm6 knvmm38d\">\n<div class=\"kvgmc6g5 cxmmr5t8 oygrvhab hcukyx3x c1et5uql ii04i59q\">\n<blockquote>\n<div dir=\"auto\">Unterkunft f\u00fcr Gefl\u00fcchtete \/\/ \u0436\u0438\u0442\u043b\u043e \u0434\u043b\u044f \u0431\u0456\u0436\u0435\u043d\u0446\u0456\u0432<\/div>\n<div dir=\"auto\">Suchen + \u0410nbieten \/\/ \u041f\u043e\u0448\u0443\u043a + \u043f\u0440\u043e\u043f\u043e\u0437\u0438\u0446\u0456\u0457<\/div>\n<div dir=\"auto\">Wichtige Hinweise \/\/ \u0412\u0430\u0436\u043b\u0438\u0432\u0430 \u0456\u043d\u0444\u043e\u0440\u043c\u0430\u0446\u0456\u044f<\/div>\n<div dir=\"auto\"><\/div>\n<div dir=\"auto\">\u00dcberpr\u00fcfte und vertrauensw\u00fcrdige Seiten \/\/ \u041f\u0435\u0440\u0435\u0432\u0456\u0440\u0435\u043d\u0456 \u0442\u0430 \u043d\u0430\u0434\u0456\u0439\u043d\u0456 \u0441\u0430\u0439\u0442\u0438:<\/div>\n<div dir=\"auto\">&#8230;\u00a0 (siehe Post!)<\/div>\n<\/blockquote>\n<\/div>\n<\/div>\n<\/div>\n<\/div>\n<\/div>\n","protected":false},"excerpt":{"rendered":"<p>HNA:\u00a0https:\/\/www.hna.de\/lokales\/goettingen\/goettingen-ort28741\/kirchen-bieten-wohnraum-fuer-gefluechtete-91431795.html? \u00a0Pfarreien in Stadt und Landkreis G\u00f6ttingen: Kirchen bieten Wohnraum f\u00fcr Gefl\u00fcchtete Erstellt: 24.03.2022Aktualisiert: 24.03.2022, 08:35 Uhr Von: Thomas Kopietz Das Bistum Hildesheim und die Pfarreien der Dekanate Untereichsfeld und G\u00f6ttingen stellen an neun Kirchorten Immobilien als Wohnraum f\u00fcr Gefl\u00fcchtete aus der Ukraine bereit. Duderstadt\/G\u00f6ttingen \u2013 In Absprache mit dem Landkreis und der Stadt G\u00f6ttingen &#8230; <a title=\"Wohnungsvermittlung\/-angebote\" class=\"read-more\" href=\"https:\/\/rt-europaallee.de\/wordpress\/ukraine\/wohnungsangebote\/\" aria-label=\"Mehr Informationen \u00fcber Wohnungsvermittlung\/-angebote\">Weiterlesen<\/a><\/p>\n","protected":false},"author":3,"featured_media":0,"parent":11963,"menu_order":4,"comment_status":"closed","ping_status":"closed","template":"","meta":{"_mc_calendar":[],"footnotes":""},"class_list":["post-12001","page","type-page","status-publish"],"_links":{"self":[{"href":"https:\/\/rt-europaallee.de\/wordpress\/wp-json\/wp\/v2\/pages\/12001","targetHints":{"allow":["GET"]}}],"collection":[{"href":"https:\/\/rt-europaallee.de\/wordpress\/wp-json\/wp\/v2\/pages"}],"about":[{"href":"https:\/\/rt-europaallee.de\/wordpress\/wp-json\/wp\/v2\/types\/page"}],"author":[{"embeddable":true,"href":"https:\/\/rt-europaallee.de\/wordpress\/wp-json\/wp\/v2\/users\/3"}],"replies":[{"embeddable":true,"href":"https:\/\/rt-europaallee.de\/wordpress\/wp-json\/wp\/v2\/comments?post=12001"}],"version-history":[{"count":29,"href":"https:\/\/rt-europaallee.de\/wordpress\/wp-json\/wp\/v2\/pages\/12001\/revisions"}],"predecessor-version":[{"id":12294,"href":"https:\/\/rt-europaallee.de\/wordpress\/wp-json\/wp\/v2\/pages\/12001\/revisions\/12294"}],"up":[{"embeddable":true,"href":"https:\/\/rt-europaallee.de\/wordpress\/wp-json\/wp\/v2\/pages\/11963"}],"wp:attachment":[{"href":"https:\/\/rt-europaallee.de\/wordpress\/wp-json\/wp\/v2\/media?parent=12001"}],"curies":[{"name":"wp","href":"https:\/\/api.w.org\/{rel}","templated":true}]}}