{"id":12512,"date":"2022-04-14T13:22:13","date_gmt":"2022-04-14T11:22:13","guid":{"rendered":"http:\/\/rt-europaallee.org\/wordpress\/?page_id=12512"},"modified":"2022-04-14T13:22:13","modified_gmt":"2022-04-14T11:22:13","slug":"suche-nach-personen","status":"publish","type":"page","link":"https:\/\/rt-europaallee.de\/wordpress\/ukraine\/praktische-hilfe-fuer-gefluechtete-aus-der-ukraine\/suche-nach-personen\/","title":{"rendered":"Suche nach Personen"},"content":{"rendered":"<p>&nbsp;<\/p>\n<h4>14.04.2022:\u00a0<a href=\"https:\/\/www.facebook.com\/fluechtlingshelfer.info\/posts\/4872393702814548?__cft__[0]=AZUrZV4VNXgVhxMCjPp56fc4yd9SohESPYz0BCjuulJEYwbyuAsNh061AErLF-sKv87-Iy1bGBlECTwJo5d4MstgvVqR7br6RnJxkuNscgxVPWELke8P9h8MxzSlCWj8lX2Z35O0MaeXgzVyGCTOQV2S&amp;__tn__=%2CO%2CP-R\">https:\/\/www.facebook.com\/fluechtlingshelfer.info\/posts\/4872393702814548?<\/a><\/h4>\n<blockquote>\n<div class=\"qzhwtbm6 knvmm38d\">\n<h3 id=\"jsc_c_1j\" class=\"gmql0nx0 l94mrbxd p1ri9a11 lzcic4wl aahdfvyu hzawbc8m\"><span class=\"nc684nl6\"><a class=\"oajrlxb2 g5ia77u1 qu0x051f esr5mh6w e9989ue4 r7d6kgcz rq0escxv nhd2j8a9 nc684nl6 p7hjln8o kvgmc6g5 cxmmr5t8 oygrvhab hcukyx3x jb3vyjys rz4wbd8a qt6c0cv9 a8nywdso i1ao9s8h esuyzwwr f1sip0of lzcic4wl gpro0wi8 oo9gr5id lrazzd5p\" tabindex=\"0\" href=\"https:\/\/www.facebook.com\/fluechtlingshelfer.info\/?__cft__[0]=AZUrZV4VNXgVhxMCjPp56fc4yd9SohESPYz0BCjuulJEYwbyuAsNh061AErLF-sKv87-Iy1bGBlECTwJo5d4MstgvVqR7br6RnJxkuNscgxVPWELke8P9h8MxzSlCWj8lX2Z35O0MaeXgzVyGCTOQV2S&amp;__tn__=-UC%2CP-R\"><strong>fluechtlingshelfer.info<\/strong><\/a><\/span><\/h3>\n<\/div>\n<div class=\"\" dir=\"auto\">\n<div id=\"jsc_c_1l\" class=\"ecm0bbzt hv4rvrfc ihqw7lf3 dati1w0a\" data-ad-comet-preview=\"message\" data-ad-preview=\"message\">\n<div class=\"j83agx80 cbu4d94t ew0dbk1b irj2b8pg\">\n<div class=\"qzhwtbm6 knvmm38d\">\n<div class=\"kvgmc6g5 cxmmr5t8 oygrvhab hcukyx3x c1et5uql ii04i59q\">\n<div dir=\"auto\">Familienangeh\u00f6rige gesucht? Auf der Flucht den Kontakt verloren? Der DRK-Suchdienst stellt wegen des Kriegs in der UKRAINE neue Materialien zur Verf\u00fcgung und die bereits vorhandene in ukrainischer \u00dcbersetzung.<\/div>\n<div dir=\"auto\">Druckdateien der Materialien k\u00f6nnen auf Anfrage vom Suchdienst zur Verf\u00fcgung gestellt werden (Mail an: suchdienst(at)drk.de):<\/div>\n<div dir=\"auto\">hier zum download:<\/div>\n<div dir=\"auto\">Flyer &#8222;Internationale Suche nach Familienangeh\u00f6rigen&#8220; deutsch <a class=\"oajrlxb2 g5ia77u1 qu0x051f esr5mh6w e9989ue4 r7d6kgcz rq0escxv nhd2j8a9 nc684nl6 p7hjln8o kvgmc6g5 cxmmr5t8 oygrvhab hcukyx3x jb3vyjys rz4wbd8a qt6c0cv9 a8nywdso i1ao9s8h esuyzwwr f1sip0of lzcic4wl gpro0wi8 py34i1dx\" tabindex=\"0\" href=\"https:\/\/bit.ly\/364Hx1r?fbclid=IwAR1iPYYBmwG4t0aSCUTfMWPJFFxEDwOTrnrjLvhzsR3GD4ZYu0fzTrgz6Cg\" target=\"_blank\" rel=\"nofollow noopener noreferrer\">https:\/\/bit.ly\/364Hx1r<\/a><\/div>\n<div dir=\"auto\">ukrainisch <a class=\"oajrlxb2 g5ia77u1 qu0x051f esr5mh6w e9989ue4 r7d6kgcz rq0escxv nhd2j8a9 nc684nl6 p7hjln8o kvgmc6g5 cxmmr5t8 oygrvhab hcukyx3x jb3vyjys rz4wbd8a qt6c0cv9 a8nywdso i1ao9s8h esuyzwwr f1sip0of lzcic4wl gpro0wi8 py34i1dx\" tabindex=\"0\" href=\"https:\/\/bit.ly\/3LScLb6?fbclid=IwAR1vVu5h5EfmIYhr_waL_hgK-aavMv3L4DKYzkP4RN9XPNKujAewVPsomcQ\" target=\"_blank\" rel=\"nofollow noopener noreferrer\">https:\/\/bit.ly\/3LScLb6<\/a><\/div>\n<div dir=\"auto\">Flyer &#8222;Suche nach Familienangeh\u00f6rigen \u2013 Unbegleitete minderj\u00e4hrige Fl\u00fcchtlinge&#8220; deutsch<\/div>\n<div dir=\"auto\"><a class=\"oajrlxb2 g5ia77u1 qu0x051f esr5mh6w e9989ue4 r7d6kgcz rq0escxv nhd2j8a9 nc684nl6 p7hjln8o kvgmc6g5 cxmmr5t8 oygrvhab hcukyx3x jb3vyjys rz4wbd8a qt6c0cv9 a8nywdso i1ao9s8h esuyzwwr f1sip0of lzcic4wl gpro0wi8 py34i1dx\" tabindex=\"0\" href=\"https:\/\/bit.ly\/3LSnMJA?fbclid=IwAR1UE0VMyyzLTWZMoj_35WVWifkffqDHoZ1V-4LhiVMppXS7G_HiZIhT1os\" target=\"_blank\" rel=\"nofollow noopener noreferrer\">https:\/\/bit.ly\/3LSnMJA<\/a><\/div>\n<div dir=\"auto\">ukrainisch: <a class=\"oajrlxb2 g5ia77u1 qu0x051f esr5mh6w e9989ue4 r7d6kgcz rq0escxv nhd2j8a9 nc684nl6 p7hjln8o kvgmc6g5 cxmmr5t8 oygrvhab hcukyx3x jb3vyjys rz4wbd8a qt6c0cv9 a8nywdso i1ao9s8h esuyzwwr f1sip0of lzcic4wl gpro0wi8 py34i1dx\" tabindex=\"0\" href=\"https:\/\/bit.ly\/363lkke?fbclid=IwAR26si-YFuWxVysTWsfLbKFcIaT5E-jOMdiENyYCSh5UJIQVrmNd9CIPC7U\" target=\"_blank\" rel=\"nofollow noopener noreferrer\">https:\/\/bit.ly\/363lkke<\/a><\/div>\n<div dir=\"auto\">Poster: &#8222;Der DRK-Suchdienst sucht, verbindet und vereint Familien&#8220; deutsch: <a class=\"oajrlxb2 g5ia77u1 qu0x051f esr5mh6w e9989ue4 r7d6kgcz rq0escxv nhd2j8a9 nc684nl6 p7hjln8o kvgmc6g5 cxmmr5t8 oygrvhab hcukyx3x jb3vyjys rz4wbd8a qt6c0cv9 a8nywdso i1ao9s8h esuyzwwr f1sip0of lzcic4wl gpro0wi8 py34i1dx\" tabindex=\"0\" href=\"https:\/\/bit.ly\/3M0yo9c?fbclid=IwAR3OK2PScFX4Pk4DRttMbuzDY-lGIZw8ui7CkwZoSWVQZNUa32vDoVGQHlw\" target=\"_blank\" rel=\"nofollow noopener noreferrer\">https:\/\/bit.ly\/3M0yo9c<\/a><\/div>\n<div dir=\"auto\">ukrainisch: <a class=\"oajrlxb2 g5ia77u1 qu0x051f esr5mh6w e9989ue4 r7d6kgcz rq0escxv nhd2j8a9 nc684nl6 p7hjln8o kvgmc6g5 cxmmr5t8 oygrvhab hcukyx3x jb3vyjys rz4wbd8a qt6c0cv9 a8nywdso i1ao9s8h esuyzwwr f1sip0of lzcic4wl gpro0wi8 py34i1dx\" tabindex=\"0\" href=\"https:\/\/bit.ly\/3E2UK7i?fbclid=IwAR1s7axoFbE02i24SidIXoL6W5rjg9KFQ7mgiPzONmf0kqlfB6FUFX9qPww\" target=\"_blank\" rel=\"nofollow noopener noreferrer\">https:\/\/bit.ly\/3E2UK7i<\/a><\/div>\n<div dir=\"auto\">Pr\u00e4ventionsplakat: Hinweise f\u00fcr Familien: Sichern Sie den Kontakt zu Ihren Angeh\u00f6rigen (in sieben Sprachen)<\/div>\n<div dir=\"auto\"><a class=\"oajrlxb2 g5ia77u1 qu0x051f esr5mh6w e9989ue4 r7d6kgcz rq0escxv nhd2j8a9 nc684nl6 p7hjln8o kvgmc6g5 cxmmr5t8 oygrvhab hcukyx3x jb3vyjys rz4wbd8a qt6c0cv9 a8nywdso i1ao9s8h esuyzwwr f1sip0of lzcic4wl gpro0wi8 py34i1dx\" tabindex=\"0\" href=\"https:\/\/bit.ly\/3O5nroJ?fbclid=IwAR36mF8iw8goeCfO6nkz0jC4e4AjsBduejM8zZabZDsqYn1IpolrUtWGKe8\" target=\"_blank\" rel=\"nofollow noopener noreferrer\">https:\/\/bit.ly\/3O5nroJ<\/a><\/div>\n<div dir=\"auto\">f\u00fcr die unterschiedlichen Sprachen nach unten scrollen<\/div>\n<div dir=\"auto\"><\/div>\n<div dir=\"auto\"><img decoding=\"async\" class=\"ji94ytn4 d2edcug0 r9f5tntg r0294ipz\" src=\"https:\/\/scontent-ham3-1.xx.fbcdn.net\/v\/t39.30808-6\/278180301_4871315402922378_3355007464552908515_n.png?_nc_cat=110&amp;ccb=1-5&amp;_nc_sid=730e14&amp;_nc_ohc=xFxpHAyfDNQAX8Bccy4&amp;_nc_ht=scontent-ham3-1.xx&amp;oh=00_AT-AhYrM15vz4A8FBv8BDU8EAyiYFC4jsw3YQ3lD-f7xmQ&amp;oe=625D57DF\" alt=\"Ist m\u00f6glicherweise ein Bild von 1 Person\" data-visualcompletion=\"media-vc-image\" \/><\/div>\n<div dir=\"auto\">(<a href=\"https:\/\/www.facebook.com\/fluechtlingshelfer.info\/photos\/a.1278850245502263\/4872393632814555\/\">https:\/\/www.facebook.com\/fluechtlingshelfer.info\/photos\/a.1278850245502263\/4872393632814555\/<\/a>)<\/div>\n<\/div>\n<\/div>\n<\/div>\n<\/div>\n<\/div>\n<\/blockquote>\n","protected":false},"excerpt":{"rendered":"<p>&nbsp; 14.04.2022:\u00a0https:\/\/www.facebook.com\/fluechtlingshelfer.info\/posts\/4872393702814548? fluechtlingshelfer.info Familienangeh\u00f6rige gesucht? Auf der Flucht den Kontakt verloren? Der DRK-Suchdienst stellt wegen des Kriegs in der UKRAINE neue Materialien zur Verf\u00fcgung und die bereits vorhandene in ukrainischer \u00dcbersetzung. Druckdateien der Materialien k\u00f6nnen auf Anfrage vom Suchdienst zur Verf\u00fcgung gestellt werden (Mail an: suchdienst(at)drk.de): hier zum download: Flyer &#8222;Internationale Suche nach Familienangeh\u00f6rigen&#8220; deutsch &#8230; <a title=\"Suche nach Personen\" class=\"read-more\" href=\"https:\/\/rt-europaallee.de\/wordpress\/ukraine\/praktische-hilfe-fuer-gefluechtete-aus-der-ukraine\/suche-nach-personen\/\" aria-label=\"Mehr Informationen \u00fcber Suche nach Personen\">Weiterlesen<\/a><\/p>\n","protected":false},"author":3,"featured_media":0,"parent":11970,"menu_order":1,"comment_status":"closed","ping_status":"closed","template":"","meta":{"_mc_calendar":[],"footnotes":""},"class_list":["post-12512","page","type-page","status-publish"],"_links":{"self":[{"href":"https:\/\/rt-europaallee.de\/wordpress\/wp-json\/wp\/v2\/pages\/12512","targetHints":{"allow":["GET"]}}],"collection":[{"href":"https:\/\/rt-europaallee.de\/wordpress\/wp-json\/wp\/v2\/pages"}],"about":[{"href":"https:\/\/rt-europaallee.de\/wordpress\/wp-json\/wp\/v2\/types\/page"}],"author":[{"embeddable":true,"href":"https:\/\/rt-europaallee.de\/wordpress\/wp-json\/wp\/v2\/users\/3"}],"replies":[{"embeddable":true,"href":"https:\/\/rt-europaallee.de\/wordpress\/wp-json\/wp\/v2\/comments?post=12512"}],"version-history":[{"count":1,"href":"https:\/\/rt-europaallee.de\/wordpress\/wp-json\/wp\/v2\/pages\/12512\/revisions"}],"predecessor-version":[{"id":12513,"href":"https:\/\/rt-europaallee.de\/wordpress\/wp-json\/wp\/v2\/pages\/12512\/revisions\/12513"}],"up":[{"embeddable":true,"href":"https:\/\/rt-europaallee.de\/wordpress\/wp-json\/wp\/v2\/pages\/11970"}],"wp:attachment":[{"href":"https:\/\/rt-europaallee.de\/wordpress\/wp-json\/wp\/v2\/media?parent=12512"}],"curies":[{"name":"wp","href":"https:\/\/api.w.org\/{rel}","templated":true}]}}