{"id":20,"date":"2016-03-06T12:38:56","date_gmt":"2016-03-06T11:38:56","guid":{"rendered":"http:\/\/rt-europaallee.org\/wordpress\/?page_id=20"},"modified":"2026-01-23T17:44:29","modified_gmt":"2026-01-23T16:44:29","slug":"infos","status":"publish","type":"page","link":"https:\/\/rt-europaallee.de\/wordpress\/infos\/","title":{"rendered":"Infos"},"content":{"rendered":"<div>Erste Informationen und Unterst\u00fctzung f\u00fcr unsere Arbeit:<\/div>\n<div>\u00a0<\/div>\n<div>\u00a0<\/div>\n<div>\u00a0<\/div>\n<div>Eine Smartphone-App f\u00fcr den Start in Deutschland mit Sprachlernhilfe und Infos<\/div>\n<ul>\n<li>\u00a0\u00a0\u00a0\u00a0\u00a0\u00a0\u00a0 <a href=\"https:\/\/www.ankommenapp.de\/\">https:\/\/www.ankommenapp.de\/<\/a><\/li>\n<\/ul>\n<div>\n<p>Refugee Law Clinic G\u00f6ttingen e.V. &#8211; Kostenlose, studentische Rechtsberatung f\u00fcr Fl\u00fcchtlinge.<\/p>\n<ul>\n<li><a href=\"http:\/\/www.rlc-goettingen.de\/\">http:\/\/www.rlc-goettingen.de\/<\/a><\/li>\n<\/ul>\n<p>Film zur Vorbereitung auf die Anh\u00f6rung (in 14 Sprachen):<\/p>\n<ul>\n<li><a href=\"http:\/\/www.asylindeutschland.de\/de\/film-2\/\">http:\/\/www.asylindeutschland.de\/de\/film-2\/<\/a><\/li>\n<\/ul>\n<\/div>\n<div>Artikel zu Lernb\u00fcchern in den B\u00fcchereien in der Stadt und im Landkreis:<\/div>\n<ul>\n<li><a href=\"http:\/\/www.hna.de\/lokales\/goettingen\/goettingen-ort28741\/bibliotheken-bekommen-unterstuetzung-lernbuecher-fluechtlinge-6190568.html\" target=\"_blank\" rel=\"noopener noreferrer\">http:\/\/www.hna.de\/lokales\/goettingen\/goettingen-ort28741\/bibliotheken-bekommen-unterstuetzung-lernbuecher-fluechtlinge-6190568.html<\/a><\/li>\n<\/ul>\n<div>\n<p>Auf folgender Website sind viele n\u00fctzliche Informationen, Kontakte und auch fast vollst\u00e4ndig (?) die verschiedenen Veranstaltungen in einem Kalender:<\/p>\n<ul>\n<li><a href=\"http:\/\/www.goettingen-hilft.de\">http:\/\/www.goettingen-hilft.de<\/a><\/li>\n<\/ul>\n<p class=\"doctitle\">Verbraucherschutz f\u00fcr Fl\u00fcchtlinge:<br \/>Kontoer\u00f6ffnung, Energie, Krankenversicherung, \u00f6ffentliche Verkehrsmittel, Rundfunkbeitrag, Telefon- und Internet, Digitale Welt<\/p>\n<ul>\n<li class=\"doctitle\"><a href=\"http:\/\/www.verbraucherzentrale-niedersachsen.de\/verbraucherschutz-fluechtlinge\">http:\/\/www.verbraucherzentrale-niedersachsen.de\/verbraucherschutz-fluechtlinge<\/a><\/li>\n<\/ul>\n<p>Leider wurde aus aktuellem Anlass dieser Hinweis des BAMF ver\u00f6ffentlicht &#8211; aber es sind viele n\u00fctzliche Hinweise und Links auf dieser Seite:<br \/><em>hier eine kurze Info dazu auf arabisch &#8211; \u00fcbernommen aus Facebook <\/em><span data-ft=\"{&quot;tn&quot;:&quot;K&quot;}\"><em><a href=\"https:\/\/www.facebook.com\/groups\/344404895746253\/permalink\/570477676472306\/\">https:\/\/www.facebook.com\/groups\/344404895746253\/permalink\/570477676472306\/<\/a><\/em><br \/><\/span><\/p>\n<p>\u062a\u0631\u062c\u0645\u0629 <span data-ft=\"{&quot;tn&quot;:&quot;K&quot;}\">\u0627\u0644\u062e\u0628\u0631<\/span>:<br \/>\u0646\u0635\u0628 \u0648 \u0627\u062d\u062a\u064a\u0627\u0644 ! \u0627\u0646\u062a\u0628\u0647 \u0639\u0632\u064a\u0632\u064a \u0627\u0644\u0644\u0627\u062c\u0626 \u0625\u0644\u0649 \u0623\u0646 \u0645\u0643\u062a\u0628 \u0627\u0644\u0647\u062c\u0631\u0629 \u0648 \u0644\u0644\u062c\u0648\u0629 \u0644\u0627 \u064a\u062a\u0635\u0644 \u0628\u0623\u064a \u0634\u062e\u0635 \u0648 \u0644\u0627 \u064a\u0637\u0644\u0628 \u062a\u062d\u0648\u064a\u0644 \u0623\u064a \u0645\u0628\u0644\u063a . \u0641\u0642\u062f \u0623\u0628\u0644\u063a \u0628\u0627\u0644\u0622\u0648\u0646\u0629 \u0627\u0644\u0623\u062e\u064a\u0631\u0629 \u0639\u0646 \u0627\u062a\u0635\u0627\u0644\u0627\u062a \u062a\u0644\u0642\u0627\u0647\u0627 \u0623\u062c\u0627\u0646\u0628 \u064a\u0639\u064a\u0634\u0648\u0646 \u0628\u0627\u0644\u0645\u0627\u0646\u064a\u0627 \u060c \u0628\u0623\u0631\u0642\u0627\u0645 \u0627\u0644\u0645\u0643\u062a\u0628 \u0627\u0644\u0627\u062a\u062d\u0627\u062f\u064a \u0644\u0644\u0647\u062c\u0631\u0629 \u0648 \u0627\u0644\u0644\u062c\u0648\u0621 \u064a\u062a\u0645 \u0641\u064a\u0647\u0627 \u0627\u0644\u0637\u0644\u0628 \u0645\u0646 \u0627\u0644\u0645\u062a\u0635\u0644 \u0628\u0647 \u062a\u062d\u0648\u064a\u0644 \u0645\u0628\u0644\u063a \u0645\u0639\u064a\u0646 \u0644\u062d\u0633\u0627\u0628 \u0628\u0646\u0643\u064a \u0645\u0639\u064a\u0646 \u064a\u0632\u0639\u0645 \u0623\u0646\u0647 \u0644\u0645\u0643\u062a\u0628 \u0627\u0644\u0647\u062c\u0631\u0629 \u0648 \u0627\u0644\u0644\u062c\u0648\u0621 . \u0644\u0627 \u0645\u0643\u062a\u0628 \u0627\u0644\u0647\u062c\u0631\u0629 \u0648 \u0644\u0627 \u0623\u064a \u0645\u0643\u062a\u0628 \u0631\u0633\u0645\u064a \u0623\u0644\u0645\u0627\u0646\u064a \u064a\u0639\u0645\u0644 \u0628\u0647\u0630\u0647 \u0627\u0644\u0637\u0631\u064a\u0642\u0629 . \u064a\u0631\u062c\u0649 \u0627\u0644\u0627\u0646\u062a\u0628\u0627\u0647<\/p>\n<ul>\n<li><a href=\"http:\/\/www.bamf.de\/DE\/Willkommen\/InformationBeratung\/Buergerservice\/buergerservice-node.html\">http:\/\/www.bamf.de\/DE\/Willkommen\/InformationBeratung\/Buergerservice\/buergerservice-node.html<\/a><\/li>\n<\/ul>\n<p>Vitalia BFGoe<br \/>Berufliche Orientierung und Qualifizierung in den Bereichen Gesundheit &amp; Soziales:<\/p>\n<ul>\n<li><a href=\"http:\/\/www.bfgoe.de\/angebote\/ausbildung-werkstaetten\/vitalia\/\">http:\/\/www.bfgoe.de\/angebote\/ausbildung-werkstaetten\/vitalia\/<\/a><\/li>\n<\/ul>\n<\/div>\n<p>\u00a0<\/p>\n<h3 class=\"kontrast-bild\">Interreligi\u00f6ser Jahreskalender 2026 ist erschienen:<\/h3>\n<p><a href=\"https:\/\/www.goettingen.de\/portal\/meldungen\/interreligioeser-jahreskalender-2026-ist-erschienen-900004640-25480.html?rubrik=900000003\">https:\/\/www.goettingen.de\/portal\/meldungen\/interreligioeser-jahreskalender-2026-ist-erschienen-900004640-25480.html?rubrik=900000003<\/a><\/p>\n\n\n<p><\/p>\n","protected":false},"excerpt":{"rendered":"<p>Erste Informationen und Unterst\u00fctzung f\u00fcr unsere Arbeit: \u00a0 \u00a0 \u00a0 Eine Smartphone-App f\u00fcr den Start in Deutschland mit Sprachlernhilfe und Infos \u00a0\u00a0\u00a0\u00a0\u00a0\u00a0\u00a0 https:\/\/www.ankommenapp.de\/ Refugee Law Clinic G\u00f6ttingen e.V. &#8211; Kostenlose, studentische Rechtsberatung f\u00fcr Fl\u00fcchtlinge. http:\/\/www.rlc-goettingen.de\/ Film zur Vorbereitung auf die Anh\u00f6rung (in 14 Sprachen): http:\/\/www.asylindeutschland.de\/de\/film-2\/ Artikel zu Lernb\u00fcchern in den B\u00fcchereien in der Stadt und &#8230; <a title=\"Infos\" class=\"read-more\" href=\"https:\/\/rt-europaallee.de\/wordpress\/infos\/\" aria-label=\"Mehr Informationen \u00fcber Infos\">Weiterlesen<\/a><\/p>\n","protected":false},"author":1,"featured_media":0,"parent":0,"menu_order":20,"comment_status":"closed","ping_status":"closed","template":"","meta":{"_mc_calendar":[],"footnotes":""},"class_list":["post-20","page","type-page","status-publish"],"_links":{"self":[{"href":"https:\/\/rt-europaallee.de\/wordpress\/wp-json\/wp\/v2\/pages\/20","targetHints":{"allow":["GET"]}}],"collection":[{"href":"https:\/\/rt-europaallee.de\/wordpress\/wp-json\/wp\/v2\/pages"}],"about":[{"href":"https:\/\/rt-europaallee.de\/wordpress\/wp-json\/wp\/v2\/types\/page"}],"author":[{"embeddable":true,"href":"https:\/\/rt-europaallee.de\/wordpress\/wp-json\/wp\/v2\/users\/1"}],"replies":[{"embeddable":true,"href":"https:\/\/rt-europaallee.de\/wordpress\/wp-json\/wp\/v2\/comments?post=20"}],"version-history":[{"count":14,"href":"https:\/\/rt-europaallee.de\/wordpress\/wp-json\/wp\/v2\/pages\/20\/revisions"}],"predecessor-version":[{"id":18405,"href":"https:\/\/rt-europaallee.de\/wordpress\/wp-json\/wp\/v2\/pages\/20\/revisions\/18405"}],"wp:attachment":[{"href":"https:\/\/rt-europaallee.de\/wordpress\/wp-json\/wp\/v2\/media?parent=20"}],"curies":[{"name":"wp","href":"https:\/\/api.w.org\/{rel}","templated":true}]}}