{"id":206,"date":"2016-05-19T17:52:20","date_gmt":"2016-05-19T15:52:20","guid":{"rendered":"http:\/\/rt-europaallee.org\/wordpress\/?page_id=206"},"modified":"2017-05-30T13:03:54","modified_gmt":"2017-05-30T11:03:54","slug":"sport-kultur-und-sprache","status":"publish","type":"page","link":"https:\/\/rt-europaallee.de\/wordpress\/gruppen\/sport-kultur-und-sprache\/","title":{"rendered":"Sport, Kultur und Sprache"},"content":{"rendered":"<p>Der Runde Tisch Europaallee wird nicht nur tatkr\u00e4ftig in sportlichen Dingen unterst\u00fctzt von der <a href=\"http:\/\/www.gwhagenberg.de\" target=\"_blank\" rel=\"noopener noreferrer\">Sportgemeinschaft Gr\u00fcn-Wei\u00df Hagenberg e.V., <\/a>sondern hat auch momentan zwei Gruppen, die f\u00fcr den Bereich Kultur und Sprache zust\u00e4ndig sind:<\/p>\n<ul>\n<li>Das Begegnungscaf\u00e9 (immer Mittwochs von 16 bis 19 Uhr) und<\/li>\n<li>Die &#8222;Hand-in-Hand-made&#8220; Handarbeits- \/Kreativgruppe (auch immer Mittwochs von 17 bis 19 Uhr)<\/li>\n<\/ul>\n<p>Wir haben festgestellt, dass Kultur und Sprache sehr eng miteinander verkn\u00fcpft sind und haben daher die beiden Gruppen an einem Nachmittag zusammen gefasst. So muss\u00a0 man sich nicht entscheiden und bekommt beim Handarbeiten noch Kaffee und Kuchen &#8230;<\/p>\n<h3>Wir freuen uns riesig \u00fcber\u00a0neue Besucher, auch wenn sie nur einmal im Monat oder weniger Zeit haben!<\/h3>\n<hr \/>\n<h2>Unser Wirkungsbereich:<\/h2>\n<ul>\n<li>Kulturtreffen<\/li>\n<li>Begegnungs-, Kontakt-Cafe<\/li>\n<li>Spieleabende<\/li>\n<li>Sprachangebote<\/li>\n<li>Information \u00fcber Sitten und Gebr\u00e4uche<\/li>\n<li>Nachbarschaftsladen<\/li>\n<li>Frauentreffen<\/li>\n<li>Kinderbetreuung<\/li>\n<li>Angebote der Vereine koordinieren (Sportvereine, Feuerwehr \u2026.)<\/li>\n<\/ul>\n","protected":false},"excerpt":{"rendered":"<p>Der Runde Tisch Europaallee wird nicht nur tatkr\u00e4ftig in sportlichen Dingen unterst\u00fctzt von der Sportgemeinschaft Gr\u00fcn-Wei\u00df Hagenberg e.V., sondern hat auch momentan zwei Gruppen, die f\u00fcr den Bereich Kultur und Sprache zust\u00e4ndig sind: Das Begegnungscaf\u00e9 (immer Mittwochs von 16 bis 19 Uhr) und Die &#8222;Hand-in-Hand-made&#8220; Handarbeits- \/Kreativgruppe (auch immer Mittwochs von 17 bis 19 Uhr) &#8230; <a title=\"Sport, Kultur und Sprache\" class=\"read-more\" href=\"https:\/\/rt-europaallee.de\/wordpress\/gruppen\/sport-kultur-und-sprache\/\" aria-label=\"Mehr Informationen \u00fcber Sport, Kultur und Sprache\">Weiterlesen<\/a><\/p>\n","protected":false},"author":2,"featured_media":0,"parent":26,"menu_order":40,"comment_status":"closed","ping_status":"closed","template":"","meta":{"_mc_calendar":[],"footnotes":""},"class_list":["post-206","page","type-page","status-publish"],"_links":{"self":[{"href":"https:\/\/rt-europaallee.de\/wordpress\/wp-json\/wp\/v2\/pages\/206","targetHints":{"allow":["GET"]}}],"collection":[{"href":"https:\/\/rt-europaallee.de\/wordpress\/wp-json\/wp\/v2\/pages"}],"about":[{"href":"https:\/\/rt-europaallee.de\/wordpress\/wp-json\/wp\/v2\/types\/page"}],"author":[{"embeddable":true,"href":"https:\/\/rt-europaallee.de\/wordpress\/wp-json\/wp\/v2\/users\/2"}],"replies":[{"embeddable":true,"href":"https:\/\/rt-europaallee.de\/wordpress\/wp-json\/wp\/v2\/comments?post=206"}],"version-history":[{"count":14,"href":"https:\/\/rt-europaallee.de\/wordpress\/wp-json\/wp\/v2\/pages\/206\/revisions"}],"predecessor-version":[{"id":1236,"href":"https:\/\/rt-europaallee.de\/wordpress\/wp-json\/wp\/v2\/pages\/206\/revisions\/1236"}],"up":[{"embeddable":true,"href":"https:\/\/rt-europaallee.de\/wordpress\/wp-json\/wp\/v2\/pages\/26"}],"wp:attachment":[{"href":"https:\/\/rt-europaallee.de\/wordpress\/wp-json\/wp\/v2\/media?parent=206"}],"curies":[{"name":"wp","href":"https:\/\/api.w.org\/{rel}","templated":true}]}}