{"id":31,"date":"2016-03-06T12:41:25","date_gmt":"2016-03-06T11:41:25","guid":{"rendered":"http:\/\/rt-europaallee.org\/wordpress\/?page_id=31"},"modified":"2022-03-01T16:50:54","modified_gmt":"2022-03-01T15:50:54","slug":"downloads","status":"publish","type":"page","link":"https:\/\/rt-europaallee.de\/wordpress\/downloads\/","title":{"rendered":"Downloads"},"content":{"rendered":"<h4><a href=\"http:\/\/rt-europaallee.org\/wordpress\/wp-content\/uploads\/2022\/03\/Hilfsangebote-Ukraine.pdf\">http:\/\/rt-europaallee.org\/wordpress\/wp-content\/uploads\/2022\/03\/Hilfsangebote-Ukraine.pdf<\/a><\/h4>\n<h2><\/h2>\n<h2>Logos<\/h2>\n<figure id=\"attachment_116\" aria-describedby=\"caption-attachment-116\" style=\"width: 118px\" class=\"wp-caption alignnone\"><a href=\"http:\/\/rt-europaallee.org\/wordpress\/wp-content\/uploads\/2016\/04\/RunderTischEuropaallee.pdf\" target=\"_blank\" rel=\"noopener noreferrer\"><img loading=\"lazy\" decoding=\"async\" class=\"wp-image-116 size-full\" src=\"http:\/\/rt-europaallee.org\/wordpress\/wp-content\/uploads\/2016\/04\/pdf-icon.png\" alt=\"pdf-icon\" width=\"128\" height=\"128\" \/><\/a><figcaption id=\"caption-attachment-116\" class=\"wp-caption-text\">Logo als PDF<\/figcaption><\/figure>\n<p>&nbsp;<\/p>\n<figure id=\"attachment_108\" aria-describedby=\"caption-attachment-108\" style=\"width: 290px\" class=\"wp-caption alignnone\"><a href=\"http:\/\/rt-europaallee.org\/wordpress\/wp-content\/uploads\/2016\/04\/RunderTischEuropaallee-800x567.png\" target=\"_blank\" rel=\"noopener noreferrer\"><img loading=\"lazy\" decoding=\"async\" class=\"wp-image-108 size-medium\" src=\"http:\/\/rt-europaallee.org\/wordpress\/wp-content\/uploads\/2016\/04\/RunderTischEuropaallee-800x567-300x213.png\" alt=\"RunderTischEuropaallee-800x567\" width=\"300\" height=\"213\" srcset=\"https:\/\/rt-europaallee.de\/wordpress\/wp-content\/uploads\/2016\/04\/RunderTischEuropaallee-800x567-300x213.png 300w, https:\/\/rt-europaallee.de\/wordpress\/wp-content\/uploads\/2016\/04\/RunderTischEuropaallee-800x567-768x544.png 768w, https:\/\/rt-europaallee.de\/wordpress\/wp-content\/uploads\/2016\/04\/RunderTischEuropaallee-800x567.png 800w\" sizes=\"auto, (max-width: 300px) 100vw, 300px\" \/><\/a><figcaption id=\"caption-attachment-108\" class=\"wp-caption-text\">Logo 800&#215;567 (PNG)<\/figcaption><\/figure>\n<figure id=\"attachment_107\" aria-describedby=\"caption-attachment-107\" style=\"width: 290px\" class=\"wp-caption alignnone\"><a href=\"http:\/\/rt-europaallee.org\/wordpress\/wp-content\/uploads\/2016\/04\/RunderTischEuropaallee-600x425.png\" target=\"_blank\" rel=\"noopener noreferrer\"><img loading=\"lazy\" decoding=\"async\" class=\"wp-image-107 size-medium\" src=\"http:\/\/rt-europaallee.org\/wordpress\/wp-content\/uploads\/2016\/04\/RunderTischEuropaallee-600x425-300x213.png\" alt=\"RunderTischEuropaallee-600x425\" width=\"300\" height=\"213\" srcset=\"https:\/\/rt-europaallee.de\/wordpress\/wp-content\/uploads\/2016\/04\/RunderTischEuropaallee-600x425-300x213.png 300w, https:\/\/rt-europaallee.de\/wordpress\/wp-content\/uploads\/2016\/04\/RunderTischEuropaallee-600x425.png 600w\" sizes=\"auto, (max-width: 300px) 100vw, 300px\" \/><\/a><figcaption id=\"caption-attachment-107\" class=\"wp-caption-text\">Logo 600&#215;425 (PNG)<\/figcaption><\/figure>\n<figure id=\"attachment_106\" aria-describedby=\"caption-attachment-106\" style=\"width: 290px\" class=\"wp-caption alignnone\"><a href=\"http:\/\/rt-europaallee.org\/wordpress\/wp-content\/uploads\/2016\/04\/RunderTischEuropaallee-400x238.png\" target=\"_blank\" rel=\"noopener noreferrer\"><img loading=\"lazy\" decoding=\"async\" class=\"wp-image-106 size-medium\" src=\"http:\/\/rt-europaallee.org\/wordpress\/wp-content\/uploads\/2016\/04\/RunderTischEuropaallee-400x238-300x212.png\" alt=\"RunderTischEuropaallee-400x238\" width=\"300\" height=\"212\" srcset=\"https:\/\/rt-europaallee.de\/wordpress\/wp-content\/uploads\/2016\/04\/RunderTischEuropaallee-400x238-300x212.png 300w, https:\/\/rt-europaallee.de\/wordpress\/wp-content\/uploads\/2016\/04\/RunderTischEuropaallee-400x238.png 400w\" sizes=\"auto, (max-width: 300px) 100vw, 300px\" \/><\/a><figcaption id=\"caption-attachment-106\" class=\"wp-caption-text\">Logo 400&#215;238 (PNG)<\/figcaption><\/figure>\n<figure id=\"attachment_989\" aria-describedby=\"caption-attachment-989\" style=\"width: 1350px\" class=\"wp-caption alignnone\"><img loading=\"lazy\" decoding=\"async\" class=\"size-full wp-image-989\" src=\"http:\/\/rt-europaallee.org\/wordpress\/wp-content\/uploads\/2017\/03\/Fu\u00dfweg-nur-Schulgel\u00e4nde\u2192GW-Hagenberg.jpg\" alt=\"\" width=\"1360\" height=\"508\" srcset=\"https:\/\/rt-europaallee.de\/wordpress\/wp-content\/uploads\/2017\/03\/Fu\u00dfweg-nur-Schulgel\u00e4nde\u2192GW-Hagenberg.jpg 1360w, https:\/\/rt-europaallee.de\/wordpress\/wp-content\/uploads\/2017\/03\/Fu\u00dfweg-nur-Schulgel\u00e4nde\u2192GW-Hagenberg-300x112.jpg 300w, https:\/\/rt-europaallee.de\/wordpress\/wp-content\/uploads\/2017\/03\/Fu\u00dfweg-nur-Schulgel\u00e4nde\u2192GW-Hagenberg-768x287.jpg 768w, https:\/\/rt-europaallee.de\/wordpress\/wp-content\/uploads\/2017\/03\/Fu\u00dfweg-nur-Schulgel\u00e4nde\u2192GW-Hagenberg-1024x382.jpg 1024w\" sizes=\"auto, (max-width: 1360px) 100vw, 1360px\" \/><figcaption id=\"caption-attachment-989\" class=\"wp-caption-text\">Fu\u00dfweg vom Pappelweg (nur Schulgel\u00e4nde) \u2192Vereinsr\u00e4ume Gr\u00fcn-Wei\u00df Hagenberg<br \/>(Quelle: Google Maps)<\/figcaption><\/figure>\n<figure id=\"attachment_987\" aria-describedby=\"caption-attachment-987\" style=\"width: 1333px\" class=\"wp-caption alignnone\"><img loading=\"lazy\" decoding=\"async\" class=\"size-full wp-image-987\" src=\"http:\/\/rt-europaallee.org\/wordpress\/wp-content\/uploads\/2017\/03\/Fu\u00dfweg-von-Eschenweg\u2192GW-Hagenberg-Karte.jpg\" alt=\"\" width=\"1343\" height=\"499\" srcset=\"https:\/\/rt-europaallee.de\/wordpress\/wp-content\/uploads\/2017\/03\/Fu\u00dfweg-von-Eschenweg\u2192GW-Hagenberg-Karte.jpg 1343w, https:\/\/rt-europaallee.de\/wordpress\/wp-content\/uploads\/2017\/03\/Fu\u00dfweg-von-Eschenweg\u2192GW-Hagenberg-Karte-300x111.jpg 300w, https:\/\/rt-europaallee.de\/wordpress\/wp-content\/uploads\/2017\/03\/Fu\u00dfweg-von-Eschenweg\u2192GW-Hagenberg-Karte-768x285.jpg 768w, https:\/\/rt-europaallee.de\/wordpress\/wp-content\/uploads\/2017\/03\/Fu\u00dfweg-von-Eschenweg\u2192GW-Hagenberg-Karte-1024x380.jpg 1024w\" sizes=\"auto, (max-width: 1343px) 100vw, 1343px\" \/><figcaption id=\"caption-attachment-987\" class=\"wp-caption-text\">Fu\u00dfweg von Bushaltestelle &#8222;Eschenweg&#8220; \u2192Vereinsr\u00e4ume Gr\u00fcn-Wei\u00df Hagenberg Karte<br \/>(Quelle: Google Maps)<\/figcaption><\/figure>\n<figure id=\"attachment_986\" aria-describedby=\"caption-attachment-986\" style=\"width: 1337px\" class=\"wp-caption alignnone\"><img loading=\"lazy\" decoding=\"async\" class=\"size-full wp-image-986\" src=\"http:\/\/rt-europaallee.org\/wordpress\/wp-content\/uploads\/2017\/03\/Fu\u00dfweg-von-Eschenweg\u2192GW-Hagenberg.jpg\" alt=\"\" width=\"1347\" height=\"503\" srcset=\"https:\/\/rt-europaallee.de\/wordpress\/wp-content\/uploads\/2017\/03\/Fu\u00dfweg-von-Eschenweg\u2192GW-Hagenberg.jpg 1347w, https:\/\/rt-europaallee.de\/wordpress\/wp-content\/uploads\/2017\/03\/Fu\u00dfweg-von-Eschenweg\u2192GW-Hagenberg-300x112.jpg 300w, https:\/\/rt-europaallee.de\/wordpress\/wp-content\/uploads\/2017\/03\/Fu\u00dfweg-von-Eschenweg\u2192GW-Hagenberg-768x287.jpg 768w, https:\/\/rt-europaallee.de\/wordpress\/wp-content\/uploads\/2017\/03\/Fu\u00dfweg-von-Eschenweg\u2192GW-Hagenberg-1024x382.jpg 1024w\" sizes=\"auto, (max-width: 1347px) 100vw, 1347px\" \/><figcaption id=\"caption-attachment-986\" class=\"wp-caption-text\">Fu\u00dfweg von Bushaltestelle &#8222;Eschenweg&#8220; \u2192Vereinsr\u00e4ume Gr\u00fcn-Wei\u00df Hagenberg<br \/>(Quelle: Google Maps)<\/figcaption><\/figure>\n<p>&nbsp;<\/p>\n<p><a href=\"http:\/\/rt-europaallee.org\/wordpress\/wp-content\/uploads\/2016\/10\/Goethe-Institut-Sprachbroschuere_Willkommen12-arabisch.pdf\">http:\/\/rt-europaallee.org\/wordpress\/wp-content\/uploads\/2016\/10\/Goethe-Institut-Sprachbroschuere_Willkommen12-arabisch.pdf<\/a><\/p>\n","protected":false},"excerpt":{"rendered":"<p>http:\/\/rt-europaallee.org\/wordpress\/wp-content\/uploads\/2022\/03\/Hilfsangebote-Ukraine.pdf Logos &nbsp; &nbsp; http:\/\/rt-europaallee.org\/wordpress\/wp-content\/uploads\/2016\/10\/Goethe-Institut-Sprachbroschuere_Willkommen12-arabisch.pdf<\/p>\n","protected":false},"author":1,"featured_media":0,"parent":0,"menu_order":9000,"comment_status":"closed","ping_status":"closed","template":"","meta":{"_mc_calendar":[],"footnotes":""},"class_list":["post-31","page","type-page","status-publish"],"_links":{"self":[{"href":"https:\/\/rt-europaallee.de\/wordpress\/wp-json\/wp\/v2\/pages\/31","targetHints":{"allow":["GET"]}}],"collection":[{"href":"https:\/\/rt-europaallee.de\/wordpress\/wp-json\/wp\/v2\/pages"}],"about":[{"href":"https:\/\/rt-europaallee.de\/wordpress\/wp-json\/wp\/v2\/types\/page"}],"author":[{"embeddable":true,"href":"https:\/\/rt-europaallee.de\/wordpress\/wp-json\/wp\/v2\/users\/1"}],"replies":[{"embeddable":true,"href":"https:\/\/rt-europaallee.de\/wordpress\/wp-json\/wp\/v2\/comments?post=31"}],"version-history":[{"count":12,"href":"https:\/\/rt-europaallee.de\/wordpress\/wp-json\/wp\/v2\/pages\/31\/revisions"}],"predecessor-version":[{"id":11860,"href":"https:\/\/rt-europaallee.de\/wordpress\/wp-json\/wp\/v2\/pages\/31\/revisions\/11860"}],"wp:attachment":[{"href":"https:\/\/rt-europaallee.de\/wordpress\/wp-json\/wp\/v2\/media?parent=31"}],"curies":[{"name":"wp","href":"https:\/\/api.w.org\/{rel}","templated":true}]}}