{"id":389,"date":"2016-09-15T11:08:12","date_gmt":"2016-09-15T09:08:12","guid":{"rendered":"http:\/\/rt-europaallee.org\/wordpress\/?page_id=389"},"modified":"2025-09-12T19:48:20","modified_gmt":"2025-09-12T17:48:20","slug":"links","status":"publish","type":"page","link":"https:\/\/rt-europaallee.de\/wordpress\/infos\/links\/","title":{"rendered":"Links"},"content":{"rendered":"<div class=\"header\">\n<div class=\"_2-sx\"><\/div>\n<p><a href=\"https:\/\/www.fluechtlingshilfe-goettingen.de\/\">Fl\u00fcchtlingshilfe G\u00f6ttingen<\/a><\/p>\n<\/div>\n<p><a href=\"http:\/\/www.bfgoe.de\/angebote\/fluechtlingsarbeit-im-bif\/\">http:\/\/www.bfgoe.de\/angebote\/fluechtlingsarbeit-im-bif\/<br \/>\n<\/a><\/p>\n<p><a href=\"https:\/\/migrationszentrum-goettingen.wir-e.de\/aktuelles\">Migrationszentrum G\u00f6ttingen<\/a><\/p>\n<h4><a href=\"https:\/\/integrationsrat.de\/\">Integrationsrat G\u00f6ttingen<\/a><\/h4>\n<p><a href=\"http:\/\/conquerbabel.org\/de\/\">Conquer Babel: Studierenden- Organisation unterst\u00fctzt Gefl\u00fcchtete in G\u00f6ttingen und Umgebung<\/a><\/p>\n<p class=\"page-header__main-title\"><a href=\"https:\/\/www.proasyl.de\/hintergrund\/uebersicht-informationsangebote-fuer-fluechtlinge-im-internet\/\">PRO ASYL: \u00dcbersicht: Informationsangebote f\u00fcr Fl\u00fcchtlinge im Internet<\/a><\/p>\n<p><a href=\"https:\/\/bethlehem-goettingen.wir-e.de\/gruppen\">Angebote der Bethlehemgemeinde (Holtenser Berg)<\/a><\/p>\n<p><a href=\"https:\/\/www.facebook.com\/pg\/NBZHoBerg\/events\/?ref=page_internal\"><img loading=\"lazy\" decoding=\"async\" class=\"transparent\" src=\"https:\/\/image.jimcdn.com\/app\/cms\/image\/transf\/dimension=188x10000:format=gif\/path\/s7d975c68abb9bb55\/image\/i5869f63ee2337dcc\/version\/1506204622\/image.gif\" alt=\"https:\/\/image.jimcdn.com\/app\/cms\/image\/transf\/dimension=188x10000:format=gif\/path\/s7d975c68abb9bb55\/image\/i5869f63ee2337dcc\/version\/1506204622\/image.gif\" width=\"188\" height=\"90\" \/><\/a><\/p>\n<p><a href=\"https:\/\/www.nbz-hoberg.de\/\">Nachbarschaftszentrum Holtenser Berg<\/a>\u00a0und\u00a0<a class=\"_64-f\" href=\"https:\/\/www.facebook.com\/NBZHoBerg\/\">Nachbarschaftszentrum Holtenser Berg<\/a> (Facebook)<\/p>\n<p><strong>Begegnungsgarten Holtenser Berg:<\/strong>\u00a0 <a href=\"https:\/\/garten-hoberg.de\/kontakt\/\">https:\/\/garten-hoberg.de\/kontakt\/<\/a><\/p>\n<p><a href=\"https:\/\/www.facebook.com\/marktschwaermerei.goe\/photos\/a.101853301676445\/181066247088483\"><img loading=\"lazy\" decoding=\"async\" class=\"ji94ytn4 d2edcug0 r9f5tntg r0294ipz alignleft\" src=\"https:\/\/scontent-ham3-1.xx.fbcdn.net\/v\/t1.6435-9\/139753408_181066253755149_1050651169612283890_n.jpg?_nc_cat=106&amp;ccb=1-5&amp;_nc_sid=e3f864&amp;_nc_ohc=TMDeM5UA49gAX8sq4mm&amp;_nc_ht=scontent-ham3-1.xx&amp;oh=00_AT_1fqMbHE7gW_wvVB8u4m-VgBXvLsLcC0fO4XeDii77Ng&amp;oe=62279FE7\" alt=\"Keine Fotobeschreibung verf\u00fcgbar.\" width=\"206\" height=\"74\" data-visualcompletion=\"media-vc-image\" \/><\/a>\u00a0<a href=\"https:\/\/www.facebook.com\/marktschwaermerei.goe\/\">https:\/\/www.facebook.com\/marktschwaermerei.goe\/<\/a><\/p>\n<p><a href=\"https:\/\/marktschwaermer.de\/de-DE\/assemblies\/12976\">https:\/\/marktschwaermer.de\/de-DE\/assemblies\/12976<\/a><\/p>\n<h3 class=\"post-title entry-title\"><a href=\"http:\/\/solawigoettingen.de\/\">Soldarische Landwirtschaft in und um G\u00f6ttingen<\/a><\/h3>\n<p><a href=\"http:\/\/www.gwhagenberg.de\/gesamtverein.0.html?&amp;no_cache=1\">http:\/\/www.gwhagenberg.de\/gesamtverein.0.html?&amp;no_cache=1<\/a><\/p>\n<p><a href=\"http:\/\/www.stadtteilbuero-leineberg.de\/\">http:\/\/www.stadtteilbuero-leineberg.de\/<\/a><\/p>\n<p><a href=\"http:\/\/rundertischzieten.jimdo.com\/\">http:\/\/rundertischzieten.jimdo.com\/<\/a><\/p>\n<p><a href=\"http:\/\/initiative-iwf.de\/de\/index.php?sc=00000\">http:\/\/initiative-iwf.de\/de\/index.php?sc=00000<\/a><\/p>\n<p><a href=\"http:\/\/fluechtlingshilfe-ehemalige-voigtschule.de\/\">http:\/\/fluechtlingshilfe-ehemalige-voigtschule.de\/<\/a><\/p>\n<p><a href=\"http:\/\/www.nachbarschaftszentrum-grone.de\/\">http:\/\/www.nachbarschaftszentrum-grone.de\/<\/a><\/p>\n<p><a href=\"https:\/\/www.frauen-notruf-goettingen.de\/\">https:\/\/www.frauen-notruf-goettingen.de\/<\/a><\/p>\n<p><a href=\"https:\/\/www.hilfetelefon.de\/\"><img loading=\"lazy\" decoding=\"async\" class=\"pull-right logoHilfetelefon\" src=\"https:\/\/www.hilfetelefon.de\/typo3conf\/ext\/bafza_templateset_hilfetelefon\/Resources\/Public\/Images\/BFZ_Logo_Hilfetelefon_2018_auf_weiss_RGB.svg\" alt=\"Logo Hilfetelefon Gewalt gegen Frauen\" width=\"129\" height=\"64\" \/><\/a><\/p>\n<p><a href=\"http:\/\/frauenbuero.goettingen.de\/\">http:\/\/frauenbuero.goettingen.de\/<\/a><\/p>\n<p><a href=\"http:\/\/asyl-goettingen.wikidot.com\/\">http:\/\/asyl-goettingen.wikidot.com\/<\/a><\/p>\n<p><a href=\"https:\/\/www.weststadtzentrum.de\/\"><img loading=\"lazy\" decoding=\"async\" class=\"header-image alignleft\" src=\"http:\/\/www.weststadtzentrum.de\/wp-content\/uploads\/2014\/10\/cropped-header-2.jpg\" alt=\"\" width=\"183\" height=\"48\" \/><\/a><\/p>\n<p><em>Weststadtzentrum e.V<\/em><\/p>\n<p><em> P<\/em><em>falz-Grona-Breite 84\u00a0<\/em><em>37081 G\u00f6ttingen<br \/>\nT<\/em><em>elefon: 0551 \u2013 38489887<br \/>\n<\/em><\/p>\n<blockquote>\n<div class=\"_4bl9\">\n<p class=\"_50f4\">Die <strong><a href=\"https:\/\/www.facebook.com\/nebenan.deStiftung\/\">nebenan.de Stiftung<\/a><\/strong> setzt sich f\u00fcr lebendige Nachbarschaften in Deutschland ein. Mit unseren Projekten &#8222;Tag der Nachbarn&#8220; und &#8222;Deutscher Nachbarschaftspreis&#8220; wollen wir Nachbarschaften zum mit- und nachmachen inspirieren.<\/p>\n<\/div>\n<\/blockquote>\n<h4><\/h4>\n<h4><a href=\"https:\/\/www.antidiskriminierungsstelle.de\/DE\/Home\/home_node.html\">Antidiskriminierungsstelle des Bundes<\/a><\/h4>\n<h4><a href=\"https:\/\/www.verfassungsschutz.de\/de\/hinweistelefon-rechtsex?fbclid=IwAR3Zc3qfw14aBa2iohmqEsqdi8eWr53HJv-FR2Lc0sZr4OsAjDNToce5l-U\">Bundesamt f\u00fcr Verfassungsschutz (BfV): Hinweistelefon \u201eRechtsextremismus\/-terrorismus, Reichsb\u00fcrger und Selbstverwalter (RechtsEX)\u201c<\/a><\/h4>\n<h4><a href=\"https:\/\/www.verfassungsschutz.de\/de\/hinweistelefon-hit\">Bundesamt f\u00fcr Verfassungsschutz (BfV): Hinweistelefon islamistischer Terrorismus<\/a><\/h4>\n<h4><a href=\"http:\/\/www.bmas.de\/DE\/Themen\/Arbeitsmarkt\/Grundsicherung\/Leistungen-zur-Sicherung-des-Lebensunterhalts\/Bildungspaket\/bildungspaket.html\">Infos vom<em> Bundesministerium f\u00fcr Arbeit und Soziales<br \/>\n<\/em><\/a><a href=\"http:\/\/www.landkreisgoettingen.de\/verwaltung\/dienstleistungen\/formular.php?id=125&amp;did=&amp;menuid=45&amp;topmenu=0\">Antrag<\/a><\/h4>\n<h4><a href=\"https:\/\/www.landkreisgoettingen.de\/medien\/suchergebnis.php?id=16659&amp;menuid=1&amp;topmenu=&amp;fbclid=IwAR2qwi5w9vIQFlnJumT57H_g0oMRletC1g5RH_i08nbO-1jE1-ZuOHueg7I\">Hier findet man den Flyer &#8222;Bildung und Teilhabe&#8220; vom Landkreis G\u00f6ttingen<br \/>\n<\/a><\/h4>\n<p>(Hier gibt es Flyer in verschiedenen Sprachen:\u00a0<a href=\"https:\/\/www.hannover.de\/Leben-in-der-Region-Hannover\/Soziales\/Sozialleistungen-weitere-Hilfen\/Bildungs-und-Teilhabepaket\/Flyer\">https:\/\/www.hannover.de\/Leben-in-der-Region-Hannover\/Soziales\/Sozialleistungen-weitere-Hilfen\/Bildungs-und-Teilhabepaket\/Flyer<\/a>)<\/p>\n<p class=\"footer-copyright-text\"><a href=\"http:\/\/www.find-friends-find-work.de\/friends\/\">http:\/\/www.find-friends-find-work.de\/friends\/<\/a><\/p>\n<h4 class=\"footer-copyright-text\"><a href=\"https:\/\/www.fluechtlingshilfe-goettingen.de\/spenden\/sachspende\/spendenzentrum-goettingen\/\">Spendenzentrum mit \u00d6ffnungszeiten<\/a><\/h4>\n<div class=\"col-3 col-md-4 p-2\"><\/div>\n<div><\/div>\n<div class=\"col-9 col-md-8 p-1 d-flex align-items-center justify-content-end\"><a href=\"https:\/\/www.geb-goettingen.de\/\"><img loading=\"lazy\" decoding=\"async\" class=\"alignnone size-medium wp-image-17966\" src=\"https:\/\/rt-europaallee.de\/wordpress\/wp-content\/uploads\/2025\/09\/geb_logo-1-300x41.png\" alt=\"\" width=\"300\" height=\"41\" \/><\/a><\/div>\n<div class=\"row  \">\n<div class=\"col-12 d-flex align-items-center justify-content-center\">\n<h4 class=\"pb-2 mb-1 mb-sm-2 mb-md-0 text-center l\"><a href=\"https:\/\/www.verschenkmarkt-geb-goettingen.de\/\">Verschenkmarkt G\u00f6ttingen<\/a><\/h4>\n<\/div>\n<\/div>\n<h4 class=\"_2cuy _3dgx _2vxa\"><strong><a href=\"http:\/\/www.mfh-goe.org\/\">MEDIZINISCHE FL\u00dcCHTLINGSHILFE<\/a><br \/>\n<\/strong>donnerstags von 16-17:30 (Nach einer kostenlosen und vertraulichen Beratung wird man an eine\/n entsprechenden Arzt\/\u00c4rztin vermittelt.)<\/h4>\n<div class=\"_2cuy _3dgx _2vxa\"><a href=\"https:\/\/www.ntfn.de\/hilfe\/offene-sprechstunde\/sprechstunde-in-goettingen\/\"><img loading=\"lazy\" decoding=\"async\" src=\"https:\/\/www.ntfn.de\/wp-content\/themes\/ntfn2\/images\/logo.png\" alt=\" \" width=\"282\" height=\"89\" \/><\/a><\/div>\n<div class=\"_2cuy _3dgx _2vxa\"><\/div>\n<h4 class=\"_2cuy _3dgx _2vxa\"><strong><a href=\"https:\/\/kalender.goettingen.de\/site\/1\/index.php?member=2\">Veranstaltungen in G\u00f6ttingen<\/a><\/strong><\/h4>\n<h4><a href=\"http:\/\/www.goest.de\/_veranstaltungen.htm\">http:\/\/www.goest.de\/_veranstaltungen.htm<\/a><\/h4>\n<p style=\"text-align: left;\"><a href=\"https:\/\/kulturpforte-goettingen.jimdo.com\/wer-kann-kulturgast-sein\/\"><img loading=\"lazy\" decoding=\"async\" id=\"cc-m-textwithimage-image-6804269284\" src=\"https:\/\/image.jimcdn.com\/app\/cms\/image\/transf\/dimension=180x1024:format=jpg\/path\/s3b8e3959334d3175\/image\/ide1d188453ba9924\/version\/1453412053\/image.jpg\" sizes=\"auto, (min-width: 180px) 180px, 100vw\" alt=\"\" width=\"116\" height=\"120\" data-src-width=\"353\" data-src-height=\"365\" data-image-id=\"4719861484\" data-src=\"https:\/\/image.jimcdn.com\/app\/cms\/image\/transf\/dimension=180x1024:format=jpg\/path\/s3b8e3959334d3175\/image\/ide1d188453ba9924\/version\/1453412053\/image.jpg\" \/><\/a>\u00a0und auf Facebook: <a href=\"https:\/\/www.facebook.com\/Kulturpforte\/\">https:\/\/www.facebook.com\/Kulturpforte\/<\/a><\/p>\n<h4 style=\"text-align: left;\"><a href=\"https:\/\/www.facebook.com\/unikino.goe\/\">https:\/\/www.facebook.com\/unikino.goe\/<\/a><\/h4>\n<h4 id=\"js_m\" class=\"_5pbw _5vra\" data-ft=\"{&quot;tn&quot;:&quot;C&quot;}\"><span class=\"fwn fcg\"><span class=\"fwb fcg\" data-ft=\"{&quot;tn&quot;:&quot;k&quot;}\"><a id=\"js_21a\" href=\"https:\/\/www.facebook.com\/refugeenetwork.goe\/?hc_ref=PAGES_TIMELINE&amp;fref=nf\" data-hovercard=\"\/ajax\/hovercard\/page.php?id=203915180020883&amp;extragetparams=%7B%22hc_ref%22%3A%22PAGES_TIMELINE%22%2C%22fref%22%3A%22nf%22%7D\" data-hovercard-prefer-more-content-show=\"1\">Refugee Network G\u00f6ttingen &#8211; Hilfe f\u00fcr Gefl\u00fcchtete e.V.<\/a>\u00a0und <a href=\"http:\/\/www.refugee-network-goettingen.de\/\">http:\/\/www.refugee-network-goettingen.de\/<\/a><\/span><\/span><\/h4>\n<p><a href=\"https:\/\/www.fluechtlingshilfe-goettingen.de\/termine\/monat\/\"><img loading=\"lazy\" decoding=\"async\" class=\"shrinkToFit transparent\" src=\"https:\/\/www.fluechtlingshilfe-goettingen.de\/wp-content\/uploads\/2015\/11\/fluechtlingshilfe-goettingen.png\" alt=\"https:\/\/www.fluechtlingshilfe-goettingen.de\/wp-content\/uploads\/2015\/11\/fluechtlingshilfe-goettingen.png\" width=\"146\" height=\"47\" \/><\/a><\/p>\n<p><a href=\"http:\/\/stellwerk-goettingen.de\/stellwerk-signal-kreative-unterstuetzen-kreative-auf-der-flucht\/\"><img loading=\"lazy\" decoding=\"async\" id=\"fancybox-img\" src=\"http:\/\/stellwerk-goettingen.de\/wp-content\/uploads\/STELLWERKsignal-Badge.png\" alt=\"SIGNAL badge\" width=\"131\" height=\"75\" \/><\/a><\/p>\n<p><a href=\"http:\/\/www.fluechtling-magazin.de\/\"><img loading=\"lazy\" decoding=\"async\" src=\"http:\/\/www.fluechtling-magazin.de\/wp-content\/uploads\/2016\/12\/fm_logo4.jpg\" alt=\"Fl\u00fcchtling Magazin\" width=\"188\" height=\"47\" \/><\/a>\u00a0oder\u00a0<a href=\"https:\/\/www.facebook.com\/Fluechtlingmagazin\/\">https:\/\/www.facebook.com\/Fluechtlingmagazin\/<\/a><\/p>\n<p><a href=\"http:\/\/fluechtlingshelfer.info\/start\/\"><img loading=\"lazy\" decoding=\"async\" src=\"http:\/\/fluechtlingshelfer.info\/fileadmin\/templates\/img\/fluechtlingshelferinfo.jpg\" alt=\"http:\/\/fluechtlingshelfer.info\/fileadmin\/templates\/img\/fluechtlingshelferinfo.jpg\" width=\"237\" height=\"59\" \/><\/a><\/p>\n<h3><a href=\"https:\/\/fluechtlingshelfer.info\/news-im-detail\/\/informationen-fuer-die-unterstuetzung-von-gefluechteten-mit-behinderung\/?cHash=5093138f69730b2c835aee86f33321a5&amp;L=0&amp;fbclid=IwAR3tBtYyvn6Q8OseDJW3XfWEvyF5CEVuj-X64ILJwa2V-rCQOWJs1KpXJDI\">Informationen f\u00fcr die Unterst\u00fctzung von Gefl\u00fcchteten mit Behinderung<\/a><\/h3>\n<h3><\/h3>\n<p><a href=\"https:\/\/fluechtlingshelfer.info\/fuer-fluechtlinge\/detail-fluechtlinge\/rechtswoerterbuch-in-verschiedenen-sprachen\/?fbclid=IwAR0vakr-d8MInzyHyInDZ-5JayTHMoFcwFgP0Vb6T4_1kdxVO7wCubOv5Ek\"><img loading=\"lazy\" decoding=\"async\" src=\"https:\/\/fluechtlingshelfer.info\/fileadmin\/_processed_\/b\/a\/csm_Bildschirmfoto_2019-02-22_um_12.26.28_9fb7f15dff.png\" alt=\"\" width=\"187\" height=\"257\" \/><\/a><\/p>\n<h4><img loading=\"lazy\" decoding=\"async\" class=\"full-width\" src=\"https:\/\/vhs-ehrenamtsportal.de\/assets\/home_banner.jpg?1ca55c69e7715b5ed0bb2b117c187b89\" alt=\"banner\" width=\"180\" height=\"79\" \/><br \/>\n<a href=\"https:\/\/vhs-ehrenamtsportal.de\/\">VHS-Portal f\u00fcr Ehrenamtliche in der Fl\u00fcchtlingsarbeit mit hilfreichen Materialien<\/a><\/h4>\n<p><a href=\"http:\/\/www.schwanger-und-viele-fragen.de\/fileadmin\/data\/kopfbilder\/BMFSFJ_SB_Landingpage_header_AL3_deutsch.jpeg\"><img loading=\"lazy\" decoding=\"async\" class=\"shrinkToFit\" src=\"http:\/\/www.schwanger-und-viele-fragen.de\/fileadmin\/data\/kopfbilder\/BMFSFJ_SB_Landingpage_header_AL3_deutsch.jpeg\" alt=\"http:\/\/www.schwanger-und-viele-fragen.de\/fileadmin\/data\/kopfbilder\/BMFSFJ_SB_Landingpage_header_AL3_deutsch.jpeg\" width=\"373\" height=\"151\" \/><\/a><\/p>\n<h4>Kaufangebot: <a href=\"http:\/\/www.schlau-werkstatt.de\/lehrmaterialien\/schlau-lernbox-grundstufe\/?fbclid=IwAR02ONLxYcyT1P006Wxo1y6cGK8frK8ZGC_LLoBlRF2zBgTLH-9qc4_PZ5k\">http:\/\/www.schlau-werkstatt.de\/lehrmaterialien\/schlau-lernbox-grundstufe\/?fbclid=IwAR02ONLxYcyT1P006Wxo1y6cGK8frK8ZGC_LLoBlRF2zBgTLH-9qc4_PZ5k<\/a><\/h4>\n<p><img loading=\"lazy\" decoding=\"async\" class=\"\" src=\"https:\/\/scontent-ham3-1.xx.fbcdn.net\/v\/t1.18169-9\/22365234_1573007256055413_7890399609174118796_n.jpg?_nc_cat=109&amp;ccb=1-3&amp;_nc_sid=973b4a&amp;_nc_ohc=Z1rKArkDIx4AX_-tCag&amp;_nc_ht=scontent-ham3-1.xx&amp;oh=a70f1ed3e566f0e0c3fc83198deac909&amp;oe=60CE1079\" alt=\"Keine Fotobeschreibung verf\u00fcgbar.\" width=\"99\" height=\"99\" \/>\u00a0\u00a0<a href=\"https:\/\/www.facebook.com\/wefugees.de\/\">https:\/\/www.facebook.com\/wefugees.de\/<\/a>\u00a0(Community: Fragen und Antworten)<\/p>\n<p><a href=\"http:\/\/www.einwanderer.net\/willkommen\/\"><img loading=\"lazy\" decoding=\"async\" class=\"alignnone\" src=\"http:\/\/www.einwanderer.net\/fileadmin\/templates\/einwanderer\/img\/ggua-logo.png\" alt=\"ggua-logo\" width=\"396\" height=\"67\" \/><\/a><\/p>\n<h4 id=\"seo_h1_tag\" class=\"_19s-\"><a href=\"https:\/\/www.facebook.com\/groups\/441355579370337\/?ref=group_header\">Asyl Info f\u00fcr Fl\u00fcchtlinge Freiwillige Helfer<\/a><\/h4>\n<h3><img decoding=\"async\" class=\"_1579 img\" src=\"https:\/\/static.xx.fbcdn.net\/rsrc.php\/v3\/y_\/r\/w22vY_KTtil.png\" alt=\"\" \/><a id=\"u_jsonp_4_1\" href=\"https:\/\/m.me\/fugeefilms\" target=\"_blank\" rel=\"nofollow noopener noreferrer\" data-lynx-mode=\"asynclazy\" data-lynx-uri=\"https:\/\/l.facebook.com\/l.php?u=https%3A%2F%2Fm.me%2Ffugeefilms&amp;h=AT0SL7sAy54sgYVL29dfSijhL8WlWSFSSJFkSx9YmhQ3YcK2jsCynY3TYKWFVJ4xmYmIqC7agoO5wdQs3bjAN-jChOKtH87DOn7zfy9dbbULVDoR9drKp0wtuia4drNy9T4N4A\"><span class=\"_2iem\">m.me\/fugeefilms<\/span><\/a><img decoding=\"async\" id=\"js_2n1\" class=\"_6a0z img\" src=\"https:\/\/static.xx.fbcdn.net\/rsrc.php\/v3\/yn\/r\/AR9i5e5r6w3.png\" alt=\"\" data-hover=\"tooltip\" data-tooltip-content=\"M.me link is a shortened URL that people can use to go directly into a Messenger conversation.\" \/><\/h3>\n<div class=\"_2piu _4wye lfloat _ohe\">\n<div class=\"_1xnd\">\n<blockquote>\n<div class=\"_4-u2 _3xaf _3-95 _4-u8\">\n<div class=\"_5po3\">\n<div class=\"_50f7\">\n<div class=\"_5aj7 _3-8j\">\n<div class=\"_4bl7 _3-90 _a8s\"><img decoding=\"async\" class=\"_1579 img\" src=\"https:\/\/static.xx.fbcdn.net\/rsrc.php\/v3\/yl\/r\/jhjEVDp3ViG.png\" alt=\"\" \/><a href=\"http:\/\/fugeefilms.de\">http:\/\/fugeefilms.de<\/a><\/div>\n<div class=\"_4bl7\"><\/div>\n<\/div>\n<\/div>\n<div class=\"_50f7\">WEITERE INFOS<\/div>\n<\/div>\n<div class=\"_5aj7 _3-8j\">\n<div class=\"_4bl7 _3-90 _a8s\"><img decoding=\"async\" class=\"_1579 img\" src=\"https:\/\/static.xx.fbcdn.net\/rsrc.php\/v3\/y6\/r\/w_F0QQTmQi4.png\" alt=\"\" \/>Info<\/div>\n<div class=\"_4bl9\">\n<div class=\"_3-8w\">Wir sind ein Kollektiv aus Designern, Redakteuren und Filmern. Unser Team ist international besetzt, die gemeinsame Heimat das Saarland. fugeefilms b\u00fcndelt und gestaltet Informationen f\u00fcr Gefl\u00fcchtete und Migranten in einem neuen, mehrsprachigen Format.<\/div>\n<\/div>\n<div class=\"_4bl7\">\n<div class=\"_4bl7 _3-90 _a8s\"><i class=\"img sp_YZwYz5FPAde sx_7a4cd8\"><u>categories<\/u><\/i><\/div>\n<div class=\"_4bl9 _5m_o\"><a href=\"https:\/\/www.facebook.com\/search\/str\/Community\/keywords_pages\/?ref=page_about_category\">Community<\/a>)<\/div>\n<\/div>\n<\/div>\n<\/div>\n<\/blockquote>\n<\/div>\n<\/div>\n<h3 class=\"_title\"><a href=\"https:\/\/www.plea-ev.de\/weltburgertreffpunkt?fbclid=IwAR3wMPt9XolaNyKVNEEY6NHhtWr0KAgTWTmbVz_tb3_waHi2xWmIvEiEo3Q\">Weltb\u00fcrgertreffpunkt G\u00f6ttingen<\/a><\/h3>\n<h3><a href=\"https:\/\/www.facebook.com\/ichbinhierDerVerein\/\">https:\/\/www.facebook.com\/ichbinhierDerVerein\/<\/a><\/h3>\n<blockquote>\n<h5><a href=\"https:\/\/handbookgermany.de\/de.html\"><img loading=\"lazy\" decoding=\"async\" class=\"alignleft\" title=\"Startseite\" src=\"https:\/\/handbookgermany.de\/content\/dam\/wtg\/initial\/handbook-germany-logo.svg\" alt=\"Startseite\" width=\"166\" height=\"54\" \/>Handbookgermany.de ist ein Informationsportal aus den Communities f\u00fcr die Communities gefl\u00fcchteter Menschen. Unser Anspruch ist es, eng mit unserer Zielgruppe zusammenzuarbeiten. Wir wollen nicht F\u00dcR, sondern MIT den Menschen, die unsere Seite besuchen, arbeiten.<\/a><\/h5>\n<\/blockquote>\n<p><a href=\"http:\/\/www.goettingen.greenpeace.de\/event\/regelmaessiges-repaircafe-fuer-smartphones\"><img loading=\"lazy\" decoding=\"async\" class=\"adaptive-image\" draggable=\"false\" src=\"http:\/\/www.goettingen.greenpeace.de\/sites\/www.goettingen.greenpeace.de\/files\/styles\/omnipotent\/adaptive-image\/public\/_dsc0341_0.png?itok=1NcsmwDU\" alt=\"\" width=\"127\" height=\"71\" \/><\/a>\u00a0Greenpeace: Regelm\u00e4\u00dfiges Repaircaf\u00e9 f\u00fcr Smartphones<\/p>\n<p><a href=\"http:\/\/www.der-paritaetische.de\/fileadmin\/user_upload\/Publikationen\/doc\/patenschaften-fluechtlinge\/171011patenschaft-fluechtlinge_A4.pdf\">http:\/\/www.der-paritaetische.de\/fileadmin\/user_upload\/Publikationen\/doc\/patenschaften-fluechtlinge\/171011patenschaft-fluechtlinge_A4.pdf<\/a><\/p>\n","protected":false},"excerpt":{"rendered":"<p>Fl\u00fcchtlingshilfe G\u00f6ttingen http:\/\/www.bfgoe.de\/angebote\/fluechtlingsarbeit-im-bif\/ Migrationszentrum G\u00f6ttingen Integrationsrat G\u00f6ttingen Conquer Babel: Studierenden- Organisation unterst\u00fctzt Gefl\u00fcchtete in G\u00f6ttingen und Umgebung PRO ASYL: \u00dcbersicht: Informationsangebote f\u00fcr Fl\u00fcchtlinge im Internet Angebote der Bethlehemgemeinde (Holtenser Berg) Nachbarschaftszentrum Holtenser Berg\u00a0und\u00a0Nachbarschaftszentrum Holtenser Berg (Facebook) Begegnungsgarten Holtenser Berg:\u00a0 https:\/\/garten-hoberg.de\/kontakt\/ \u00a0https:\/\/www.facebook.com\/marktschwaermerei.goe\/ https:\/\/marktschwaermer.de\/de-DE\/assemblies\/12976 Soldarische Landwirtschaft in und um G\u00f6ttingen http:\/\/www.gwhagenberg.de\/gesamtverein.0.html?&amp;no_cache=1 http:\/\/www.stadtteilbuero-leineberg.de\/ http:\/\/rundertischzieten.jimdo.com\/ http:\/\/initiative-iwf.de\/de\/index.php?sc=00000 http:\/\/fluechtlingshilfe-ehemalige-voigtschule.de\/ http:\/\/www.nachbarschaftszentrum-grone.de\/ https:\/\/www.frauen-notruf-goettingen.de\/ &#8230; <a title=\"Links\" class=\"read-more\" href=\"https:\/\/rt-europaallee.de\/wordpress\/infos\/links\/\" aria-label=\"Mehr Informationen \u00fcber Links\">Weiterlesen<\/a><\/p>\n","protected":false},"author":3,"featured_media":0,"parent":20,"menu_order":0,"comment_status":"closed","ping_status":"closed","template":"","meta":{"_mc_calendar":[],"footnotes":""},"class_list":["post-389","page","type-page","status-publish"],"_links":{"self":[{"href":"https:\/\/rt-europaallee.de\/wordpress\/wp-json\/wp\/v2\/pages\/389","targetHints":{"allow":["GET"]}}],"collection":[{"href":"https:\/\/rt-europaallee.de\/wordpress\/wp-json\/wp\/v2\/pages"}],"about":[{"href":"https:\/\/rt-europaallee.de\/wordpress\/wp-json\/wp\/v2\/types\/page"}],"author":[{"embeddable":true,"href":"https:\/\/rt-europaallee.de\/wordpress\/wp-json\/wp\/v2\/users\/3"}],"replies":[{"embeddable":true,"href":"https:\/\/rt-europaallee.de\/wordpress\/wp-json\/wp\/v2\/comments?post=389"}],"version-history":[{"count":167,"href":"https:\/\/rt-europaallee.de\/wordpress\/wp-json\/wp\/v2\/pages\/389\/revisions"}],"predecessor-version":[{"id":17967,"href":"https:\/\/rt-europaallee.de\/wordpress\/wp-json\/wp\/v2\/pages\/389\/revisions\/17967"}],"up":[{"embeddable":true,"href":"https:\/\/rt-europaallee.de\/wordpress\/wp-json\/wp\/v2\/pages\/20"}],"wp:attachment":[{"href":"https:\/\/rt-europaallee.de\/wordpress\/wp-json\/wp\/v2\/media?parent=389"}],"curies":[{"name":"wp","href":"https:\/\/api.w.org\/{rel}","templated":true}]}}