{"id":7948,"date":"2020-03-29T15:06:47","date_gmt":"2020-03-29T13:06:47","guid":{"rendered":"http:\/\/rt-europaallee.org\/wordpress\/?page_id=7948"},"modified":"2020-05-11T13:36:53","modified_gmt":"2020-05-11T11:36:53","slug":"hilfsangebote-gesuche-informationen","status":"publish","type":"page","link":"https:\/\/rt-europaallee.de\/wordpress\/informationen-zur-corona-krise\/goettingen\/hilfsangebote-gesuche-informationen\/","title":{"rendered":"3.4 Verschiedenes"},"content":{"rendered":"<h4><a href=\"https:\/\/www.facebook.com\/groups\/206789773988676\/permalink\/213256820008638\/\">Beitrag\u00a0von &#8222;Ma\u00dfliebchen&#8220;<\/a> in der Facebook- Gruppe &#8222;<a href=\"https:\/\/www.facebook.com\/groups\/206789773988676\/?hc_location=group\">Behelfsmaske f\u00fcr G\u00f6ttingen<\/a>&#8222;<\/h4>\n<blockquote>\n<div class=\"k_14zndmo95b _5eit n_14zndms7pi clearfix\">\n<div class=\"clearfix j_14zndmo7cw\">\n<div class=\"clearfix _42ef\">\n<div class=\"h_14zndmo7cv\">\n<div>\n<div class=\"_6a _5u5j\">\n<div class=\"_6a _5u5j _6b\">\n<h5 id=\"u_0_1q\" class=\"_7tae _14f3 _14f5 _2pii\" data-ft=\"{&quot;tn&quot;:&quot;C&quot;}\"><span class=\"fwn fcg\"><span class=\"fwb fcg\" data-ft=\"{&quot;tn&quot;:&quot;k&quot;}\"><a id=\"js_at9\" href=\"https:\/\/www.facebook.com\/massliebchengoettingen\/?ref=gs&amp;__tn__=%2CdkC-R-R&amp;eid=ARD9ktr4G5WK-Ca7KCEgTbpYHA-JFQVHmphP9Zv5UHBJ94-HJZ9TqnOqNqVuDqI6yA4evmKnoOl45PFg&amp;hc_ref=ARQJPpWugJVdM62gBIPf_065qpTShEcI3oCNsmXnEYU8bX6h69ePVW3Bx7FS_9DQ95w&amp;fref=gs&amp;dti=206789773988676&amp;hc_location=group\" data-hovercard-referer=\"ARQJPpWugJVdM62gBIPf_065qpTShEcI3oCNsmXnEYU8bX6h69ePVW3Bx7FS_9DQ95w\" data-hovercard=\"\/ajax\/hovercard\/page.php?id=1467261336926829&amp;extragetparams=%7B%22__tn__%22%3A%22%2CdkC-R-R%22%2C%22eid%22%3A%22ARD9ktr4G5WK-Ca7KCEgTbpYHA-JFQVHmphP9Zv5UHBJ94-HJZ9TqnOqNqVuDqI6yA4evmKnoOl45PFg%22%2C%22hc_ref%22%3A%22ARQJPpWugJVdM62gBIPf_065qpTShEcI3oCNsmXnEYU8bX6h69ePVW3Bx7FS_9DQ95w%22%2C%22fref%22%3A%22gs%22%2C%22directed_target_id%22%3A206789773988676%2C%22dti%22%3A206789773988676%2C%22hc_location%22%3A%22group%22%7D\" data-hovercard-prefer-more-content-show=\"1\">Ma\u00dfliebchen G\u00f6ttingen<\/a><\/span><\/span><\/h5>\n<div id=\"feed_subtitle_213256820008638:6:0\" class=\"_5pcp _5lel _2jyu _232_\" data-testid=\"story-subtitle\"><span class=\"g_14zndmncnm\"><span class=\"fsm fwn fcg\"><a class=\"_5pcq\" href=\"https:\/\/www.facebook.com\/groups\/206789773988676\/permalink\/213256820008638\/\" target=\"\"><abbr class=\"_5ptz timestamp livetimestamp\" title=\"Mittwoch, 1. April 2020 um 16:31\" data-utime=\"1585751471\" data-shorten=\"1\"><span id=\"js_y\" class=\"timestampContent\">7 Std.<\/span><\/abbr><\/a><\/span><\/span><\/div>\n<\/div>\n<\/div>\n<\/div>\n<\/div>\n<\/div>\n<\/div>\n<\/div>\n<div id=\"js_z\" class=\"_5pbx userContent _3ds9 _3576\" data-ft=\"{&quot;tn&quot;:&quot;K&quot;}\" data-testid=\"post_message\">\n<div id=\"id_5e84d43d0a8464900621671\" class=\"text_exposed_root text_exposed\">\n<p>Hallo an alle:<\/p>\n<p>Die <strong>Stadt G\u00f6ttingen<\/strong> hat sich jetzt aufgemacht und m\u00f6chte einen zentralen <strong>Sammelpunkt f\u00fcr Masken und Stoffspenden und Stoffweitergaben<\/strong> einrichten.<\/p>\n<p>Das wird die Mehrzweckhalle in Grone in der Backhausstra\u00dfe sein.<\/p>\n<div class=\"text_exposed_show\">\n<p>Das finde ich ganz prima, denn meine Wohnung reicht nicht mehr lange:)<\/p>\n<p>Dazu suchen wir ganz ganz dringend jemanden, der sich mit der Stoffschere auskennt und Materialt\u00fcten packen kann die dann an die vielen tollen N\u00e4hhelfer verteilt werden! Wann das dort passiert ist relativ egal, aber es werden ein, zwei oder drei Personen gesucht, die sich dort engagieren k\u00f6nnen!<\/p>\n<p>Es ist schon jetzt dort immer in der Zeit von 9:00 bis 12:00 Uhr jemand da und Ihr k\u00f6nnt auch schon dort direkt Eure fertigen Masken abliefern! Die Stadt G\u00f6ttingen hat sich genau diesselben Richtlinien \u00fcberlegt nach denen die Masken verteilt werden und Ihr k\u00f6nnt Euch sicher sein, dass sie direkt an der richtigen Stelle ankommen!<\/p>\n<p>Wer kann beim Zuschneiden helfen?<\/p>\n<\/div>\n<\/div>\n<\/div>\n<\/blockquote>\n<h4>Nachtrag\/ 04.04.2020:<br \/>\n<a href=\"https:\/\/www.goettingen.de\/aktuelles\/behelfsmasken-stadt-ruft-zum-naehen-auf-2020-04-03.html\">https:\/\/www.goettingen.de\/aktuelles\/behelfsmasken-stadt-ruft-zum-naehen-auf-2020-04-03.html<\/a><\/h4>\n<blockquote>\n<div class=\"text artikeldatum bottom left\">03.04.2020<\/div>\n<div class=\"content-header \">\n<div class=\"content-title\">\n<h3 class=\"content-title\">Behelfsmasken: Stadt ruft zum N\u00e4hen auf<\/h3>\n<\/div>\n<div class=\"dots\">\u00a0Mund-Nasen-Schutzmasken oder textile Behelfsmasken k\u00f6nnen Tr\u00f6pfchen, die man beispielsweise beim Sprechen, Husten oder Niesen ausst\u00f6\u00dft, abgefangen. Das kann das Risiko verringern, eine andere Person mit dem neuartigen Coronavirus anzustecken.<\/div>\n<\/div>\n<div class=\"content-text twocolumn \">\n<div class=\"magazinetext\">\n<p>Da es aktuell zu einer Knappheit von Mund-Nasen-Schutzmasken kommt, der Bedarf daran aber hoch ist, ruft die Stadt G\u00f6ttingen Freiwillige dazu auf, Behelfsmasken zu n\u00e4hen. Diese sollen beispielsweise Hebammen oder sozialen Einrichtungen wie Werkst\u00e4tten f\u00fcr Menschen mit Behinderungen, der Stra\u00dfensozialarbeit oder der Wohnungslosenhilfe zur Verf\u00fcgung gestellt werden. Wer Zeit und Interesse hat, ist also aufgerufen, sich an der Aktion zu beteiligen. Die Stadt stellt das Material und N\u00e4hanleitungen kostenlos zur Verf\u00fcgung. Interessierte sollten \u00fcber N\u00e4hmaschine und Schere verf\u00fcgen.<\/p>\n<p><strong>Das Material f\u00fcr die Behelfsmasken kann montags bis freitags von 9.00 bis 12.00 Uhr in der Mehrzweckhalle Grone an der Heinrich-Heine-Schule, Backhausstra\u00dfe 14, in G\u00f6ttingen abgeholt werden. Dort sollen die gen\u00e4hten Masken zur weiteren Verteilung auch wieder abgegeben werden.<\/strong><\/p>\n<p>Auf keinen Fall sollte das Tragen eines Mund-Nasen-Schutzes oder einer Behelfsmaske jedoch dazu verleiten, dass Abstandsregeln nicht mehr eingehalten oder Husten- und Niesregeln bzw. die H\u00e4ndehygiene nicht mehr angewendet werden. Von der Atemluft durchfeuchtete Masken m\u00fcssen umgehend und regelm\u00e4\u00dfig ausgewechselt werden.<\/p>\n<\/div>\n<\/div>\n<\/blockquote>\n<hr \/>\n<h4>Facebook- Gruppe &#8222;<a href=\"https:\/\/www.facebook.com\/groups\/206789773988676\/?hc_location=group\">Behelfsmaske f\u00fcr G\u00f6ttingen<\/a>&#8220; (von &#8222;<a href=\"https:\/\/www.facebook.com\/groups\/206789773988676\/\">Ma\u00dfliebchen<\/a>&#8222;)<\/h4>\n<blockquote><p>Es werden Mundschutze gebraucht. Wir m\u00f6chten selbstgen\u00e4hte Behel<span class=\"text_exposed_show\">fsmasken an Krankenh\u00e4user, Pflegeeinrichtungen, Apotheken, \u00c4rzte und den Lebensmittelhandel weiterreichen. Diese bieten keinen Schutz vor Viren, k\u00f6nnen aber die Tr\u00f6pfchen in der Luft verringern. Wer eine N\u00e4hmaschine hat kann helfen! Material kann ich zur Verf\u00fcgung stellen oder wird in der Gruppe getauscht. Hier k\u00f6nnen wir uns austauschen <span class=\"_47e3 _5mfr\" title=\"\u201esmile\u201c-Emoticon\"><img loading=\"lazy\" decoding=\"async\" class=\"img\" src=\"https:\/\/static.xx.fbcdn.net\/images\/emoji.php\/v9\/t4c\/1\/16\/1f642.png\" alt=\"\" width=\"16\" height=\"16\" \/><\/span><\/span><\/p><\/blockquote>\n<h4><\/h4>\n<hr \/>\n<h4>siehe\u00a0<a href=\"http:\/\/rt-europaallee.org\/wordpress\/2020\/03\/migrationszentrum-newsletter-27-03-2020-aktuelle-situation-von-gefluechteten-in-europa-psychosoziale-beratungsmoeglichkeiten-notfallfond-fuer-den-kunst-und-kulturbereich-aufenthaltsverlaengerung\/\">http:\/\/rt-europaallee.org\/wordpress\/2020\/03\/migrationszentrum-newsletter-27-03-2020-aktuelle-situation-von-gefluechteten-in-europa-psychosoziale-beratungsmoeglichkeiten-notfallfond-fuer-den-kunst-und-kulturbereich-aufenthaltsverlaengerung\/<\/a><\/h4>\n<blockquote><p>Links und Informationen rund um den Umgang mit der Corona-Krise zusammengestellt von Bonveno und AWO Ehrenamt (Stand 25.03.2020)<br \/>\nAktuell leiden viele von uns unter den Ma\u00dfnahmen gegen die Verbreitung des Corina-Virus. Im digitalen Kampf gegen Vereinsamung und andere Nebenwirkungen haben einige Institutionen, darunter der AWO Bundesverband und der Newsletters \u201eInterkulturelle \u00d6ffnung im Gesundheitsweisen\u201c einige Informationen, Projekte und Ideen zusammengestellt. Wir haben die Angebote f\u00fcr Sie und Euch hier geb\u00fcndelt:<\/p><\/blockquote>\n<h4><a href=\"http:\/\/rt-europaallee.org\/wordpress\/wp-content\/uploads\/2020\/03\/Links-und-Informationen-rund-um-den-Umgang-mit-Corona_\u00dcbersicht_Bonveno.pdf\">http:\/\/rt-europaallee.org\/wordpress\/wp-content\/uploads\/2020\/03\/Links-und-Informationen-rund-um-den-Umgang-mit-Corona_\u00dcbersicht_Bonveno.pdf<\/a><\/h4>\n<hr \/>\n<h4>Nieders\u00e4chsische Lotto-Sport-Stiftung<br \/>\n(siehe\u00a0<a href=\"http:\/\/rt-europaallee.org\/wordpress\/2020\/03\/migrationszentrum-newsletter-27-03-2020-aktuelle-situation-von-gefluechteten-in-europa-psychosoziale-beratungsmoeglichkeiten-notfallfond-fuer-den-kunst-und-kulturbereich-aufenthaltsverlaengerung\/\">http:\/\/rt-europaallee.org\/wordpress\/2020\/03\/migrationszentrum-newsletter-27-03-2020-aktuelle-situation-von-gefluechteten-in-europa-psychosoziale-beratungsmoeglichkeiten-notfallfond-fuer-den-kunst-und-kulturbereich-aufenthaltsverlaengerung\/<\/a>)<\/h4>\n<blockquote><p>Hannover, 20. M\u00e4rz 2020<\/p>\n<p>PRESSEMITTEILUNG<\/p>\n<p>Notfallfonds \u201eHILFE COVID-19\u201c Unterst\u00fctzung f\u00fcr betroffene Vereine und Organisationen<\/p>\n<p>Die COVID-19-Pandemie legt in diesen Tagen das Leben \u00fcberall lahm. Durch die massenhafte Absage von Meisterschaften, Turnieren, Workshops, Bildungsangeboten und weiteren Veranstaltungen geraten Vereine und Organisationen in Sport und Integration in eine existentielle Krise.<\/p>\n<h4>&#8230;<\/h4>\n<\/blockquote>\n<h4><a href=\"http:\/\/rt-europaallee.org\/wordpress\/wp-content\/uploads\/2020\/03\/PM-NOTFALLFONDS-COVID-19.pdf\">http:\/\/rt-europaallee.org\/wordpress\/wp-content\/uploads\/2020\/03\/PM-NOTFALLFONDS-COVID-19.pdf<\/a><\/h4>\n<p>&nbsp;<\/p>\n<p>&nbsp;<\/p>\n","protected":false},"excerpt":{"rendered":"<p>Beitrag\u00a0von &#8222;Ma\u00dfliebchen&#8220; in der Facebook- Gruppe &#8222;Behelfsmaske f\u00fcr G\u00f6ttingen&#8222; Ma\u00dfliebchen G\u00f6ttingen 7 Std. Hallo an alle: Die Stadt G\u00f6ttingen hat sich jetzt aufgemacht und m\u00f6chte einen zentralen Sammelpunkt f\u00fcr Masken und Stoffspenden und Stoffweitergaben einrichten. Das wird die Mehrzweckhalle in Grone in der Backhausstra\u00dfe sein. Das finde ich ganz prima, denn meine Wohnung reicht nicht &#8230; <a title=\"3.4 Verschiedenes\" class=\"read-more\" href=\"https:\/\/rt-europaallee.de\/wordpress\/informationen-zur-corona-krise\/goettingen\/hilfsangebote-gesuche-informationen\/\" aria-label=\"Mehr Informationen \u00fcber 3.4 Verschiedenes\">Weiterlesen<\/a><\/p>\n","protected":false},"author":3,"featured_media":0,"parent":7845,"menu_order":4,"comment_status":"closed","ping_status":"closed","template":"","meta":{"_mc_calendar":[],"footnotes":""},"class_list":["post-7948","page","type-page","status-publish"],"_links":{"self":[{"href":"https:\/\/rt-europaallee.de\/wordpress\/wp-json\/wp\/v2\/pages\/7948","targetHints":{"allow":["GET"]}}],"collection":[{"href":"https:\/\/rt-europaallee.de\/wordpress\/wp-json\/wp\/v2\/pages"}],"about":[{"href":"https:\/\/rt-europaallee.de\/wordpress\/wp-json\/wp\/v2\/types\/page"}],"author":[{"embeddable":true,"href":"https:\/\/rt-europaallee.de\/wordpress\/wp-json\/wp\/v2\/users\/3"}],"replies":[{"embeddable":true,"href":"https:\/\/rt-europaallee.de\/wordpress\/wp-json\/wp\/v2\/comments?post=7948"}],"version-history":[{"count":12,"href":"https:\/\/rt-europaallee.de\/wordpress\/wp-json\/wp\/v2\/pages\/7948\/revisions"}],"predecessor-version":[{"id":8256,"href":"https:\/\/rt-europaallee.de\/wordpress\/wp-json\/wp\/v2\/pages\/7948\/revisions\/8256"}],"up":[{"embeddable":true,"href":"https:\/\/rt-europaallee.de\/wordpress\/wp-json\/wp\/v2\/pages\/7845"}],"wp:attachment":[{"href":"https:\/\/rt-europaallee.de\/wordpress\/wp-json\/wp\/v2\/media?parent=7948"}],"curies":[{"name":"wp","href":"https:\/\/api.w.org\/{rel}","templated":true}]}}