{"id":886,"date":"2017-01-26T10:25:57","date_gmt":"2017-01-26T09:25:57","guid":{"rendered":"http:\/\/rt-europaallee.org\/wordpress\/?page_id=886"},"modified":"2017-03-21T21:59:37","modified_gmt":"2017-03-21T20:59:37","slug":"erzaehlcafe","status":"publish","type":"page","link":"https:\/\/rt-europaallee.de\/wordpress\/gruppen\/sport-kultur-und-sprache\/erzaehlcafe\/","title":{"rendered":"Begegnungs- und Internetcaf\u00e9"},"content":{"rendered":"<p><img loading=\"lazy\" decoding=\"async\" class=\"wp-image-1038 size-full alignright\" src=\"http:\/\/rt-europaallee.org\/wordpress\/wp-content\/uploads\/2017\/03\/Begegnungscaf\u00e92_600px.jpg\" alt=\"\" width=\"600\" height=\"216\" srcset=\"https:\/\/rt-europaallee.de\/wordpress\/wp-content\/uploads\/2017\/03\/Begegnungscaf\u00e92_600px.jpg 600w, https:\/\/rt-europaallee.de\/wordpress\/wp-content\/uploads\/2017\/03\/Begegnungscaf\u00e92_600px-300x108.jpg 300w\" sizes=\"auto, (max-width: 600px) 100vw, 600px\" \/>Die Erz\u00e4hl-, Spiel-\u00a0und Lerngruppe des Runden Tisches Europaallee setzt sich jeden Mittwoch in den R\u00e4umen des Vereinsheims der SG Gr\u00fcn-Wei\u00df Hagenberg zusammen.<\/p>\n<p>Es ist ein offener Kreis von Frauen und M\u00e4nnern, die gem\u00fctlich bei Kaffee und Kuchen zusammen sitzen.<\/p>\n<p>Was machen wir?<\/p>\n<ul>\n<li>Nat\u00fcrlich in erster Linie miteinander sprechen, oder auch\u00a0die eine oder andere Deutsch-Hausaufgabe l\u00f6sen.<\/li>\n<li>Spiele spielen (Schach, Domino, Memory, Mensch-\u00c4rgere-Dich-Nicht, Gesellschaftsspiele, &#8230;).<\/li>\n<li>Probleml\u00f6sungen finden, sofern welche angesprochen werden und unsere gute Vernetzung daf\u00fcr nutzen.<\/li>\n<li>Kickern, Waveboard fahren, Fahrrad fahren, &#8230;<\/li>\n<li>Informationen austauschen<\/li>\n<li>und, und, und &#8230;<\/li>\n<\/ul>\n<p>Wir haben uns mit der Hand-in-Hand-Gruppe zusammen getan, um <strong>Aktionen<\/strong>\u00a0gemeinsam\u00a0zu veranstalten.<br \/>\nDazu geh\u00f6rt beispielsweise am 22.02.2017 die Aktion: \u201eWir backen Pizza und essen zusammen\u201c.<\/p>\n<p>Ich\u00a0freue mich \u00fcber viele Interessierte<\/p>\n<h3><strong>Mechthild<\/strong><\/h3>\n","protected":false},"excerpt":{"rendered":"<p>Die Erz\u00e4hl-, Spiel-\u00a0und Lerngruppe des Runden Tisches Europaallee setzt sich jeden Mittwoch in den R\u00e4umen des Vereinsheims der SG Gr\u00fcn-Wei\u00df Hagenberg zusammen. Es ist ein offener Kreis von Frauen und M\u00e4nnern, die gem\u00fctlich bei Kaffee und Kuchen zusammen sitzen. Was machen wir? Nat\u00fcrlich in erster Linie miteinander sprechen, oder auch\u00a0die eine oder andere Deutsch-Hausaufgabe l\u00f6sen. &#8230; <a title=\"Begegnungs- und Internetcaf\u00e9\" class=\"read-more\" href=\"https:\/\/rt-europaallee.de\/wordpress\/gruppen\/sport-kultur-und-sprache\/erzaehlcafe\/\" aria-label=\"Mehr Informationen \u00fcber Begegnungs- und Internetcaf\u00e9\">Weiterlesen<\/a><\/p>\n","protected":false},"author":2,"featured_media":0,"parent":206,"menu_order":10,"comment_status":"closed","ping_status":"closed","template":"","meta":{"_mc_calendar":[],"footnotes":""},"class_list":["post-886","page","type-page","status-publish"],"_links":{"self":[{"href":"https:\/\/rt-europaallee.de\/wordpress\/wp-json\/wp\/v2\/pages\/886","targetHints":{"allow":["GET"]}}],"collection":[{"href":"https:\/\/rt-europaallee.de\/wordpress\/wp-json\/wp\/v2\/pages"}],"about":[{"href":"https:\/\/rt-europaallee.de\/wordpress\/wp-json\/wp\/v2\/types\/page"}],"author":[{"embeddable":true,"href":"https:\/\/rt-europaallee.de\/wordpress\/wp-json\/wp\/v2\/users\/2"}],"replies":[{"embeddable":true,"href":"https:\/\/rt-europaallee.de\/wordpress\/wp-json\/wp\/v2\/comments?post=886"}],"version-history":[{"count":6,"href":"https:\/\/rt-europaallee.de\/wordpress\/wp-json\/wp\/v2\/pages\/886\/revisions"}],"predecessor-version":[{"id":1041,"href":"https:\/\/rt-europaallee.de\/wordpress\/wp-json\/wp\/v2\/pages\/886\/revisions\/1041"}],"up":[{"embeddable":true,"href":"https:\/\/rt-europaallee.de\/wordpress\/wp-json\/wp\/v2\/pages\/206"}],"wp:attachment":[{"href":"https:\/\/rt-europaallee.de\/wordpress\/wp-json\/wp\/v2\/media?parent=886"}],"curies":[{"name":"wp","href":"https:\/\/api.w.org\/{rel}","templated":true}]}}